{"id":1363,"date":"2024-10-24T12:20:45","date_gmt":"2024-10-24T12:20:45","guid":{"rendered":"https:\/\/lookercourses.com\/es\/?page_id=1363"},"modified":"2025-10-13T20:48:00","modified_gmt":"2025-10-13T20:48:00","slug":"cursos-looker-studio","status":"publish","type":"page","link":"https:\/\/lookercourses.com\/es\/cursos-looker-studio\/","title":{"rendered":"Cursos Looker Studio"},"content":{"rendered":"\n<div class=\"wp-block-uagb-container uagb-block-c35ce2f4 alignfull uagb-is-root-container\"><div class=\"uagb-container-inner-blocks-wrap\">\n<h1 class=\"wp-block-heading\">Aprende Looker Studio &amp; Analytics<\/h1>\n\n\n\n<p><strong>Cursos de Looker Studio<\/strong> dise\u00f1ados para ayudarte a ganar confianza con los datos, tanto si empiezas desde cero como si quieres llevar tus dashboards al siguiente nivel. Aprende paso a paso con lecciones pr\u00e1cticas sobre Looker Studio, Google Analytics 4<br>y herramientas de IA como Gemini. Todo dise\u00f1ado para que puedas aprender a tu propio ritmo, sin complicarte la semana.<\/p>\n<\/div><\/div>\n\n\n\n<div class=\"wp-block-uagb-container uagb-block-e468a189 alignfull uagb-is-root-container\"><div class=\"uagb-container-inner-blocks-wrap\">\n<div class=\"wp-block-uagb-container uagb-block-11e92ef3 alignfull uagb-is-root-container\"><div class=\"uagb-container-inner-blocks-wrap\">\n<h2 class=\"wp-block-heading\">\ud83c\udf81 Curso gratuito de introducci\u00f3n a Looker Studio<\/h2>\n\n\n\n<p>Si siempre has querido aprender Looker Studio pero no sab\u00edas por d\u00f3nde empezar, este curso introductiorio de 24 minutos es perfecto para ti. Aprender\u00e1s a crear un informe desde cero, explorar\u00e1s algunos de los gr\u00e1ficos disponibles y entender\u00e1s los conceptos necesarios para construir dashboards interactivos. Todo explicado paso a paso.<\/p>\n\n\n\n<ul class=\"wp-block-list\">\n<li>\u2728 Ideal para principiantes o si necesitas un repaso r\u00e1pido<\/li>\n\n\n\n<li>\ud83e\ude84 Explicaciones claras y visuales<\/li>\n\n\n\n<li>\ud83d\udcca Un ejemplo pr\u00e1ctico que podr\u00e1s seguir en tu propio ordenador<\/li>\n<\/ul>\n\n\n\n<div style=\"height:20px\" aria-hidden=\"true\" class=\"wp-block-spacer\"><\/div>\n\n\n\n<div class=\"wp-block-uagb-buttons uagb-buttons__outer-wrap uagb-btn__medium-btn uagb-btn-tablet__default-btn uagb-btn-mobile__default-btn uagb-block-13369b12\"><div class=\"uagb-buttons__wrap uagb-buttons-layout-wrap \">\n<div class=\"wp-block-uagb-buttons-child uagb-buttons__outer-wrap uagb-block-0b7a2cc1 wp-block-button\"><div class=\"uagb-button__wrapper\"><a class=\"uagb-buttons-repeater wp-block-button__link\" aria-label=\"\" href=\"\/es\/curso-gratuito-de-looker-studio\" rel=\"follow noopener\" target=\"_self\" role=\"button\"><div class=\"uagb-button__link\">Consige acceso al curso gratis<\/div><\/a><\/div><\/div>\n<\/div><\/div>\n<\/div><\/div>\n<\/div><\/div>\n\n\n\n<div class=\"wp-block-uagb-container uagb-block-d886467a alignfull uagb-is-root-container\"><div class=\"uagb-container-inner-blocks-wrap\">\n<div class=\"wp-block-uagb-container uagb-block-d6fc82da alignfull uagb-is-root-container\"><div class=\"uagb-container-inner-blocks-wrap\">\n<h2 class=\"wp-block-heading\">\ud83d\udcac Lo que dicen mis estudiantes (valoraci\u00f3n media: 4.5 \u2b50)<\/h2>\n\n\n\n<div class=\"wp-block-uagb-container uagb-block-e12db043\">\n<p class=\"has-text-align-center\">M\u00e1s de <strong>1.600 estudiantes<\/strong> ya se han unido a mis cursos en Udemy,<br>con una <strong>valoraci\u00f3n media de 4.5 \u2b50<\/strong>.<\/p>\n\n\n\n<div class=\"wp-block-uagb-slider uagb-block-18469806 uagb-slider-container\"><div class=\"uagb-slides uagb-swiper\"><div class=\"swiper-wrapper\">\n<div class=\"wp-block-uagb-slider-child uagb-slider-child-wrap swiper-slide uagb-block-b72253f3\"><div class=\"swiper-content\">\n<div class=\"wp-block-uagb-container uagb-block-e15235a6\">\n<div class=\"wp-block-uagb-info-box uagb-block-05263370 uagb-infobox__content-wrap  uagb-infobox-icon-above-title uagb-infobox-image-valign-top\"><div class=\"uagb-ifb-content\"><div class=\"uagb-ifb-title-wrap\"><h3 class=\"uagb-ifb-title\"><mark style=\"background-color:rgba(0, 0, 0, 0);color:#fcb900\" class=\"has-inline-color\"><strong>\u2b50\u2b50\u2b50\u2b50\u2b50<\/strong><\/mark><\/h3><\/div><p class=\"uagb-ifb-desc\"><em>&#8220;Elegir este curso fue sin duda una excelente decisi\u00f3n. El contenido es muy completo, bien estructurado y enriquecido, con ejemplos claros y pr\u00e1cticos. Como era mi primera experiencia con la aplicaci\u00f3n, me sorprendi\u00f3 lo sencillo que result\u00f3 todo gracias a la forma en que est\u00e1 dise\u00f1ado. Adem\u00e1s, la disposici\u00f3n de B\u00e1rbara para responder dudas es realmente valiosa y aporta un gran apoyo al aprendizaje. Esto, para m\u00ed, hace toda la diferencia.&#8221;<\/em><\/p><\/div><\/div>\n<\/div>\n<\/div><\/div>\n\n\n\n<div class=\"wp-block-uagb-slider-child uagb-slider-child-wrap swiper-slide uagb-block-84f7b600\"><div class=\"swiper-content\">\n<div class=\"wp-block-uagb-container uagb-block-fd113b26\">\n<div class=\"wp-block-uagb-info-box uagb-block-a3a4fe71 uagb-infobox__content-wrap  uagb-infobox-icon-above-title uagb-infobox-image-valign-top\"><div class=\"uagb-ifb-content\"><div class=\"uagb-ifb-title-wrap\"><h3 class=\"uagb-ifb-title\"><mark style=\"background-color:rgba(0, 0, 0, 0);color:#fcb900\" class=\"has-inline-color\"><strong>\u2b50\u2b50\u2b50\u2b50\u2b50<\/strong><\/mark><\/h3><\/div><p class=\"uagb-ifb-desc\"><em>\u201cUn repaso excelente de GA4 y Looker Studio. B\u00e1rbara hace que el curso sea f\u00e1cil de seguir, sin importar tu nivel. Lo recomiendo totalmente: es muy claro y est\u00e1 muy bien estructurado.\u201d<\/em><\/p><\/div><\/div>\n<\/div>\n<\/div><\/div>\n\n\n\n<div class=\"wp-block-uagb-slider-child uagb-slider-child-wrap swiper-slide uagb-block-2740aae8\"><div class=\"swiper-content\">\n<div class=\"wp-block-uagb-container uagb-block-0f018380\">\n<div class=\"wp-block-uagb-info-box uagb-block-43d6076f uagb-infobox__content-wrap  uagb-infobox-icon-above-title uagb-infobox-image-valign-top\"><div class=\"uagb-ifb-content\"><div class=\"uagb-ifb-title-wrap\"><h3 class=\"uagb-ifb-title\"><mark style=\"background-color:rgba(0, 0, 0, 0);color:#fcb900\" class=\"has-inline-color\"><strong>\u2b50\u2b50\u2b50\u2b50\u2b50<\/strong><\/mark><\/h3><\/div><p class=\"uagb-ifb-desc\"><em>&#8220;Excelente la metodolog\u00eda de ense\u00f1anza ya que desde la clase 1 comenzamos a trabajar con la herramienta. En en un par de horas pude ya armar un dashboard que me es m\u00e1s \u00fatil que la tabla de resumen que sol\u00eda usar en google sheet y que era muy dif\u00edcil de comprender. Ahora estoy revisando el libro que tiene la profesora y aunque tiene elementos similares al curso, me queda como documento de consulta. Muy agradecido por la dedicaci\u00f3n y esfuerzo de la profesora en el desarrollo de este curso. 10\/10&#8221;<\/em><\/p><\/div><\/div>\n<\/div>\n<\/div><\/div>\n\n\n\n<div class=\"wp-block-uagb-slider-child uagb-slider-child-wrap swiper-slide uagb-block-b131cda7\"><div class=\"swiper-content\">\n<div class=\"wp-block-uagb-container uagb-block-62d09c3a\">\n<div class=\"wp-block-uagb-info-box uagb-block-559383f6 uagb-infobox__content-wrap  uagb-infobox-icon-above-title uagb-infobox-image-valign-top\"><div class=\"uagb-ifb-content\"><div class=\"uagb-ifb-title-wrap\"><h3 class=\"uagb-ifb-title\"><mark style=\"background-color:rgba(0, 0, 0, 0);color:#fcb900\" class=\"has-inline-color\"><strong>\u2b50\u2b50\u2b50\u2b50\u2b50<\/strong><\/mark><\/h3><\/div><p class=\"uagb-ifb-desc\"><em>&#8220;Me ha encantado! Por fin he podido aprender c\u00f3mo mejorar mis reportes aplicando IA. Est\u00e1 explicado de manera sencilla y directa al grano, con ejemplos pr\u00e1cticos. Muy recomendable&#8221;<\/em><\/p><\/div><\/div>\n<\/div>\n<\/div><\/div>\n<\/div><\/div><div class=\"swiper-pagination\"><\/div><div class=\"swiper-button-prev\"><\/div><div class=\"swiper-button-next\"><\/div><\/div>\n<\/div>\n<\/div><\/div>\n<\/div><\/div>\n\n\n\n<div class=\"wp-block-uagb-container uagb-block-8321bd52 alignfull uagb-is-root-container\"><div class=\"uagb-container-inner-blocks-wrap\">\n<div class=\"wp-block-uagb-container uagb-block-b6873380 alignfull uagb-is-root-container\"><div class=\"uagb-container-inner-blocks-wrap\">\n<h2 class=\"wp-block-heading\">\ud83c\udf93 Mis cursos en Udemy<\/h2>\n<\/div><\/div>\n\n\n\n<div class=\"wp-block-uagb-container uagb-block-07f6216a alignfull uagb-is-root-container\"><div class=\"uagb-container-inner-blocks-wrap\">\n<div class=\"wp-block-uagb-container uagb-block-169b3640\">\n<h3 class=\"wp-block-heading\"><a href=\"https:\/\/www.udemy.com\/course\/looker-studio-desde-cero-a-nivel-avanzado\/?referralCode=3915E5AC5071298818ED\" target=\"_blank\" data-type=\"link\" data-id=\"https:\/\/www.udemy.com\/course\/looker-studio-desde-cero-a-nivel-avanzado\/?referralCode=3915E5AC5071298818ED\" rel=\"noreferrer noopener\">Looker Studio: De Cero a Experto + IA 2025<\/a><\/h3>\n\n\n\n<p>Domina Looker Studio paso a paso y descubre c\u00f3mo la Inteligencia Artificial puede hacer tu an\u00e1lisis m\u00e1s r\u00e1pido, visual y accesible. En este curso pr\u00e1ctico aprender\u00e1s desde los fundamentos hasta t\u00e9cnicas avanzadas, con ejemplos reales y datasets incluidos para practicar cada concepto.<\/p>\n\n\n\n<ul class=\"wp-block-list\">\n<li>\ud83d\udca1 Aprende a crear dashboards claros e interactivos desde cero<\/li>\n\n\n\n<li>\ud83d\udcca Descubre qu\u00e9 gr\u00e1ficos usar en cada situaci\u00f3n y c\u00f3mo personalizarlos<\/li>\n\n\n\n<li>\ud83e\udd16 Explora las nuevas funciones de IA con Gemini para generar an\u00e1lisis autom\u00e1ticos<\/li>\n\n\n\n<li>\ud83e\udde9 Combina m\u00faltiples fuentes de datos y lleva tus informes al siguiente nivel<\/li>\n<\/ul>\n\n\n\n<div style=\"height:20px\" aria-hidden=\"true\" class=\"wp-block-spacer\"><\/div>\n\n\n\n<div class=\"wp-block-uagb-buttons uagb-buttons__outer-wrap uagb-btn__medium-btn uagb-btn-tablet__default-btn uagb-btn-mobile__default-btn uagb-block-3e97d6e2\"><div class=\"uagb-buttons__wrap uagb-buttons-layout-wrap \">\n<div class=\"wp-block-uagb-buttons-child uagb-buttons__outer-wrap uagb-block-61892d1b wp-block-button\"><div class=\"uagb-button__wrapper\"><a class=\"uagb-buttons-repeater wp-block-button__link\" aria-label=\"\" href=\"https:\/\/www.udemy.com\/course\/looker-studio-desde-cero-a-nivel-avanzado\/?referralCode=3915E5AC5071298818ED\" rel=\"follow noopener\" target=\"_blank\" role=\"button\"><div class=\"uagb-button__link\">Ver curso en Udemy<\/div><\/a><\/div><\/div>\n<\/div><\/div>\n<\/div>\n\n\n\n<div class=\"wp-block-uagb-container uagb-block-2ab4fcdd\">\n<figure class=\"wp-block-image size-large\"><a href=\"https:\/\/www.udemy.com\/course\/looker-studio-desde-cero-a-nivel-avanzado\/?referralCode=3915E5AC5071298818ED\" target=\"_blank\" rel=\" noreferrer noopener\"><img loading=\"lazy\" decoding=\"async\" width=\"1024\" height=\"576\" src=\"https:\/\/lookercourses.com\/es\/wp-content\/uploads\/2024\/10\/Looker-Studio-de-cero-a-nivel-avanzado-2024-1024x576.jpg\" alt=\"\" class=\"wp-image-1576\" srcset=\"https:\/\/lookercourses.com\/es\/wp-content\/uploads\/2024\/10\/Looker-Studio-de-cero-a-nivel-avanzado-2024-1024x576.jpg 1024w, https:\/\/lookercourses.com\/es\/wp-content\/uploads\/2024\/10\/Looker-Studio-de-cero-a-nivel-avanzado-2024-300x169.jpg 300w, https:\/\/lookercourses.com\/es\/wp-content\/uploads\/2024\/10\/Looker-Studio-de-cero-a-nivel-avanzado-2024-768x432.jpg 768w, https:\/\/lookercourses.com\/es\/wp-content\/uploads\/2024\/10\/Looker-Studio-de-cero-a-nivel-avanzado-2024-1536x864.jpg 1536w, https:\/\/lookercourses.com\/es\/wp-content\/uploads\/2024\/10\/Looker-Studio-de-cero-a-nivel-avanzado-2024.jpg 1920w\" sizes=\"auto, (max-width: 1024px) 100vw, 1024px\" \/><\/a><\/figure>\n<\/div>\n<\/div><\/div>\n\n\n\n<div class=\"wp-block-uagb-container uagb-block-30898f26 alignfull uagb-is-root-container\"><div class=\"uagb-container-inner-blocks-wrap\">\n<div class=\"wp-block-uagb-container uagb-block-d2289028\">\n<h3 class=\"wp-block-heading\"><a href=\"https:\/\/www.udemy.com\/course\/aprende-google-analytics-4-y-looker-studio\/?referralCode=B4A031A7A66F31DECFE2\" target=\"_blank\" data-type=\"link\" data-id=\"https:\/\/www.udemy.com\/course\/aprende-google-analytics-4-y-looker-studio\/?referralCode=B4A031A7A66F31DECFE2\" rel=\"noreferrer noopener\">Aprende Google Analytics 4 y Looker Studio<\/a><\/h3>\n\n\n\n<p>Potencia tus habilidades anal\u00edticas dominando dos herramientas esenciales: Google Analytics 4 y Looker Studio. En este curso pr\u00e1ctico aprender\u00e1s c\u00f3mo las personas usan tu sitio web, a medir lo que realmente importa y a transformar tus datos en dashboards que cuentan historias.<\/p>\n\n\n\n<ul class=\"wp-block-list\">\n<li>\ud83d\udca1 Interpreta tus datos con GA4 y mejora la experiencia de usuario<\/li>\n\n\n\n<li>\ud83d\udcca Crea dashboards visuales e interactivos con Looker Studio<\/li>\n\n\n\n<li>\ud83d\udd17 Conecta GA4, Search Console y m\u00e1s para obtener insights m\u00e1s completos<\/li>\n\n\n\n<li>\ud83d\ude80 Aprende todo paso a paso, con ejemplos claros y aplicables<\/li>\n<\/ul>\n\n\n\n<div style=\"height:20px\" aria-hidden=\"true\" class=\"wp-block-spacer\"><\/div>\n\n\n\n<div class=\"wp-block-uagb-buttons uagb-buttons__outer-wrap uagb-btn__medium-btn uagb-btn-tablet__default-btn uagb-btn-mobile__default-btn uagb-block-1179abcc\"><div class=\"uagb-buttons__wrap uagb-buttons-layout-wrap \">\n<div class=\"wp-block-uagb-buttons-child uagb-buttons__outer-wrap uagb-block-3eb8c971 wp-block-button\"><div class=\"uagb-button__wrapper\"><a class=\"uagb-buttons-repeater wp-block-button__link\" aria-label=\"\" href=\"https:\/\/www.udemy.com\/course\/aprende-google-analytics-4-y-looker-studio\/?referralCode=B4A031A7A66F31DECFE2\" rel=\"follow noopener\" target=\"_blank\" role=\"button\"><div class=\"uagb-button__link\">Ver curso en Udemy<\/div><\/a><\/div><\/div>\n<\/div><\/div>\n<\/div>\n\n\n\n<div class=\"wp-block-uagb-container uagb-block-12825d20\">\n<figure class=\"wp-block-image size-full\"><a href=\"https:\/\/www.udemy.com\/course\/aprende-google-analytics-4-y-looker-studio\/?referralCode=B4A031A7A66F31DECFE2\" target=\"_blank\" rel=\" noreferrer noopener\"><img loading=\"lazy\" decoding=\"async\" width=\"1920\" height=\"1080\" src=\"https:\/\/lookercourses.com\/es\/wp-content\/uploads\/2024\/10\/GA4-and-Looker-Studio-ES.jpg\" alt=\"\" class=\"wp-image-1573\" srcset=\"https:\/\/lookercourses.com\/es\/wp-content\/uploads\/2024\/10\/GA4-and-Looker-Studio-ES.jpg 1920w, https:\/\/lookercourses.com\/es\/wp-content\/uploads\/2024\/10\/GA4-and-Looker-Studio-ES-300x169.jpg 300w, https:\/\/lookercourses.com\/es\/wp-content\/uploads\/2024\/10\/GA4-and-Looker-Studio-ES-1024x576.jpg 1024w, https:\/\/lookercourses.com\/es\/wp-content\/uploads\/2024\/10\/GA4-and-Looker-Studio-ES-768x432.jpg 768w, https:\/\/lookercourses.com\/es\/wp-content\/uploads\/2024\/10\/GA4-and-Looker-Studio-ES-1536x864.jpg 1536w\" sizes=\"auto, (max-width: 1920px) 100vw, 1920px\" \/><\/a><\/figure>\n<\/div>\n<\/div><\/div>\n<\/div><\/div>\n","protected":false},"excerpt":{"rendered":"<p>Aprende Looker Studio &amp; Analytics Cursos de Looker Studio dise\u00f1ados para ayudarte a ganar confianza con los datos, tanto si [&hellip;]<\/p>\n","protected":false},"author":1,"featured_media":0,"parent":0,"menu_order":0,"comment_status":"closed","ping_status":"closed","template":"","meta":{"_uag_custom_page_level_css":"","site-sidebar-layout":"default","site-content-layout":"","ast-site-content-layout":"default","site-content-style":"default","site-sidebar-style":"default","ast-global-header-display":"","ast-banner-title-visibility":"","ast-main-header-display":"","ast-hfb-above-header-display":"","ast-hfb-below-header-display":"","ast-hfb-mobile-header-display":"","site-post-title":"","ast-breadcrumbs-content":"","ast-featured-img":"","footer-sml-layout":"","theme-transparent-header-meta":"","adv-header-id-meta":"","stick-header-meta":"","header-above-stick-meta":"","header-main-stick-meta":"","header-below-stick-meta":"","astra-migrate-meta-layouts":"default","ast-page-background-enabled":"default","ast-page-background-meta":{"desktop":{"background-color":"var(--ast-global-color-5)","background-image":"","background-repeat":"repeat","background-position":"center center","background-size":"auto","background-attachment":"scroll","background-type":"","background-media":"","overlay-type":"","overlay-color":"","overlay-opacity":"","overlay-gradient":""},"tablet":{"background-color":"","background-image":"","background-repeat":"repeat","background-position":"center center","background-size":"auto","background-attachment":"scroll","background-type":"","background-media":"","overlay-type":"","overlay-color":"","overlay-opacity":"","overlay-gradient":""},"mobile":{"background-color":"","background-image":"","background-repeat":"repeat","background-position":"center center","background-size":"auto","background-attachment":"scroll","background-type":"","background-media":"","overlay-type":"","overlay-color":"","overlay-opacity":"","overlay-gradient":""}},"ast-content-background-meta":{"desktop":{"background-color":"var(--ast-global-color-4)","background-image":"","background-repeat":"repeat","background-position":"center center","background-size":"auto","background-attachment":"scroll","background-type":"","background-media":"","overlay-type":"","overlay-color":"","overlay-opacity":"","overlay-gradient":""},"tablet":{"background-color":"var(--ast-global-color-4)","background-image":"","background-repeat":"repeat","background-position":"center center","background-size":"auto","background-attachment":"scroll","background-type":"","background-media":"","overlay-type":"","overlay-color":"","overlay-opacity":"","overlay-gradient":""},"mobile":{"background-color":"var(--ast-global-color-4)","background-image":"","background-repeat":"repeat","background-position":"center center","background-size":"auto","background-attachment":"scroll","background-type":"","background-media":"","overlay-type":"","overlay-color":"","overlay-opacity":"","overlay-gradient":""}},"footnotes":""},"class_list":["post-1363","page","type-page","status-publish","hentry"],"uagb_featured_image_src":{"full":false,"thumbnail":false,"medium":false,"medium_large":false,"large":false,"1536x1536":false,"2048x2048":false},"uagb_author_info":{"display_name":"admin","author_link":"https:\/\/lookercourses.com\/es\/author\/admin\/"},"uagb_comment_info":0,"uagb_excerpt":"Aprende Looker Studio &amp; Analytics Cursos de Looker Studio dise\u00f1ados para ayudarte a ganar confianza con los datos, tanto si [&hellip;]","_links":{"self":[{"href":"https:\/\/lookercourses.com\/es\/wp-json\/wp\/v2\/pages\/1363","targetHints":{"allow":["GET"]}}],"collection":[{"href":"https:\/\/lookercourses.com\/es\/wp-json\/wp\/v2\/pages"}],"about":[{"href":"https:\/\/lookercourses.com\/es\/wp-json\/wp\/v2\/types\/page"}],"author":[{"embeddable":true,"href":"https:\/\/lookercourses.com\/es\/wp-json\/wp\/v2\/users\/1"}],"replies":[{"embeddable":true,"href":"https:\/\/lookercourses.com\/es\/wp-json\/wp\/v2\/comments?post=1363"}],"version-history":[{"count":27,"href":"https:\/\/lookercourses.com\/es\/wp-json\/wp\/v2\/pages\/1363\/revisions"}],"predecessor-version":[{"id":2090,"href":"https:\/\/lookercourses.com\/es\/wp-json\/wp\/v2\/pages\/1363\/revisions\/2090"}],"wp:attachment":[{"href":"https:\/\/lookercourses.com\/es\/wp-json\/wp\/v2\/media?parent=1363"}],"curies":[{"name":"wp","href":"https:\/\/api.w.org\/{rel}","templated":true}]}}