{"id":1365,"date":"2024-10-24T12:22:54","date_gmt":"2024-10-24T12:22:54","guid":{"rendered":"https:\/\/lookercourses.com\/es\/?page_id=1365"},"modified":"2025-10-14T13:20:27","modified_gmt":"2025-10-14T13:20:27","slug":"blog-de-looker-studio","status":"publish","type":"page","link":"https:\/\/lookercourses.com\/es\/blog-de-looker-studio\/","title":{"rendered":"Blog de Looker Studio"},"content":{"rendered":"\n<div class=\"wp-block-uagb-container uagb-block-c35ce2f4 alignfull uagb-is-root-container\"><div class=\"uagb-container-inner-blocks-wrap\">\n<h1 class=\"wp-block-heading\">Blog de Looker Studio<\/h1>\n\n\n\n<p><strong>Bienvenido a mi blog de Looker Studio<\/strong>, un espacio creado para ayudarte a transformar los datos en informaci\u00f3n \u00fatil y comprensible. Aqu\u00ed encontrar\u00e1s tutoriales pr\u00e1cticos, ejemplos reales y gu\u00edas paso a paso que cubren desde los conceptos b\u00e1sicos de Looker Studio hasta t\u00e9cnicas avanzadas, combinaci\u00f3n de datos y funcionalidades de IA como Gemini.<\/p>\n\n\n\n<p>Tanto si est\u00e1s empezando con tus primeros dashboards como si ya creas informes para clientes o equipos, este blog de Looker Studio te ayudar\u00e1 a aprender m\u00e1s r\u00e1pido, evitar errores comunes y mantenerte al d\u00eda con las \u00faltimas funcionalidades y pr\u00e1cticas recomendadas. Cada art\u00edculo est\u00e1 escrito para ser claro, aplicable y f\u00e1cil de seguir, para que puedas poner en pr\u00e1ctica lo aprendido desde el primer momento.<\/p>\n<\/div><\/div>\n\n\n\n<div class=\"wp-block-uagb-container uagb-block-6d613304 alignfull uagb-is-root-container\"><div class=\"uagb-container-inner-blocks-wrap\">\n\t\t\t<div class=\"wp-block-uagb-post-grid uagb-post-grid  uagb-post__image-position-top uagb-post__image-enabled uagb-block-34f4ec38     uagb-post__items uagb-post__columns-3 is-grid uagb-post__columns-tablet-2 uagb-post__columns-mobile-1 uagb-post__equal-height\" data-total=\"12\" style=\"\">\n\n\t\t\t\t\t\t\t\t\t\t\t\t<article class=\"uagb-post__inner-wrap\">\t\t\t\t\t\t\t\t<div class='uagb-post__image'>\n\t\t\t\t\t\t\t\t\t<a href=\"https:\/\/lookercourses.com\/es\/guia-avanzada-de-optimizacion-de-rendimiento-en-looker-studio\/\" target=\"_self\" rel=\"bookmark noopener noreferrer\" class='uagb-image-ratio-2-3'><img loading=\"lazy\" decoding=\"async\" width=\"700\" height=\"400\" src=\"https:\/\/lookercourses.com\/es\/wp-content\/uploads\/2025\/12\/Guia-avanzada-de-optimizacion-de-rendimiento-en-Looker-Studio.jpg\" class=\"attachment-large size-large\" alt=\"Gui\u0301a avanzada de optimizacio\u0301n de rendimiento en Looker Studio\" srcset=\"https:\/\/lookercourses.com\/es\/wp-content\/uploads\/2025\/12\/Guia-avanzada-de-optimizacion-de-rendimiento-en-Looker-Studio.jpg 700w, https:\/\/lookercourses.com\/es\/wp-content\/uploads\/2025\/12\/Guia-avanzada-de-optimizacion-de-rendimiento-en-Looker-Studio-300x171.jpg 300w\" sizes=\"auto, (max-width: 700px) 100vw, 700px\" \/>\t\t\t\t\t<\/a>\n\t\t\t\t\t\t\t<\/div>\n\t\t\t\t\t\t<h4 class=\"uagb-post__title uagb-post__text\">\n\t\t\t\t<a href=\"https:\/\/lookercourses.com\/es\/guia-avanzada-de-optimizacion-de-rendimiento-en-looker-studio\/\" target=\"_self\" rel=\"bookmark noopener noreferrer\">Gu\u00eda avanzada de optimizaci\u00f3n de rendimiento en Looker Studio<\/a>\n\t\t\t<\/h4>\n\t\t\t\t\t\t<div class='uagb-post__text uagb-post-grid-byline'>\n\t\t\t\t\t\t\t\t<div class=\"uagb-post__text\">\n\t\t\t\t\t<span class='uagb-post__taxonomy'>\n\t\t\t\t\t\t\t\t\t\t\t\t<a href=\"https:\/\/lookercourses.com\/es\/category\/practicas-recomendadas\/\">\u2705 Pr\u00e1cticas recomendadas<\/a>\t\t\t\t\t<\/span>\n\t\t\t\t<\/div>\n\t\t\t\t\t\t\t<\/div>\n\t\t\t\t\t\t\t<div class='uagb-post__text uagb-post__excerpt'>\n\t\t\t\t\t<p>Una gu\u00eda avanzada de optimizaci\u00f3n de rendimiento en Looker Studio deber\u00eda ser la base del&#8230;\t\t\t\t<\/div>\n\t\t\t\t\t\t<div class=\"uagb-post__text uagb-post__cta wp-block-button\">\n\t\t\t\t<a class=\"wp-block-button__link uagb-text-link\" style=\"\" href=\"https:\/\/lookercourses.com\/es\/guia-avanzada-de-optimizacion-de-rendimiento-en-looker-studio\/\" target=\"_self\" rel=\"bookmark noopener noreferrer\">Read More<\/a>\n\t\t\t<\/div>\n\t\t\t\n\t\t\t\t\t\t\t\t\t<\/article>\n\t\t\t\t\t\t\t\t\t\t\t\t\t\t\t\t<article class=\"uagb-post__inner-wrap\">\t\t\t\t\t\t\t\t<div class='uagb-post__image'>\n\t\t\t\t\t\t\t\t\t<a href=\"https:\/\/lookercourses.com\/es\/como-disenar-un-dashboard-de-paginas-multiples\/\" target=\"_self\" rel=\"bookmark noopener noreferrer\" class='uagb-image-ratio-2-3'><img loading=\"lazy\" decoding=\"async\" width=\"700\" height=\"400\" src=\"https:\/\/lookercourses.com\/es\/wp-content\/uploads\/2025\/12\/Como-disenar-un-dashboard-de-paginas-multiples-que-venda-en-Looker-Studio.jpg\" class=\"attachment-large size-large\" alt=\"Co\u0301mo disen\u0303ar un dashboard de pa\u0301ginas mu\u0301ltiples que venda en Looker Studio\" srcset=\"https:\/\/lookercourses.com\/es\/wp-content\/uploads\/2025\/12\/Como-disenar-un-dashboard-de-paginas-multiples-que-venda-en-Looker-Studio.jpg 700w, https:\/\/lookercourses.com\/es\/wp-content\/uploads\/2025\/12\/Como-disenar-un-dashboard-de-paginas-multiples-que-venda-en-Looker-Studio-300x171.jpg 300w\" sizes=\"auto, (max-width: 700px) 100vw, 700px\" \/>\t\t\t\t\t<\/a>\n\t\t\t\t\t\t\t<\/div>\n\t\t\t\t\t\t<h4 class=\"uagb-post__title uagb-post__text\">\n\t\t\t\t<a href=\"https:\/\/lookercourses.com\/es\/como-disenar-un-dashboard-de-paginas-multiples\/\" target=\"_self\" rel=\"bookmark noopener noreferrer\">C\u00f3mo dise\u00f1ar un dashboard de p\u00e1ginas m\u00faltiples que venda en Looker Studio<\/a>\n\t\t\t<\/h4>\n\t\t\t\t\t\t<div class='uagb-post__text uagb-post-grid-byline'>\n\t\t\t\t\t\t\t\t<div class=\"uagb-post__text\">\n\t\t\t\t\t<span class='uagb-post__taxonomy'>\n\t\t\t\t\t\t\t\t\t\t\t\t<a href=\"https:\/\/lookercourses.com\/es\/category\/practicas-recomendadas\/\">\u2705 Pr\u00e1cticas recomendadas<\/a>,&nbsp;<a href=\"https:\/\/lookercourses.com\/es\/category\/diseno\/\">\ud83c\udfa8 Dise\u00f1o<\/a>\t\t\t\t\t<\/span>\n\t\t\t\t<\/div>\n\t\t\t\t\t\t\t<\/div>\n\t\t\t\t\t\t\t<div class='uagb-post__text uagb-post__excerpt'>\n\t\t\t\t\t<p>\u201cC\u00f3mo dise\u00f1ar un dashboard de p\u00e1ginas m\u00faltiples que venda\u201d es la pregunta que cualquier persona&#8230;\t\t\t\t<\/div>\n\t\t\t\t\t\t<div class=\"uagb-post__text uagb-post__cta wp-block-button\">\n\t\t\t\t<a class=\"wp-block-button__link uagb-text-link\" style=\"\" href=\"https:\/\/lookercourses.com\/es\/como-disenar-un-dashboard-de-paginas-multiples\/\" target=\"_self\" rel=\"bookmark noopener noreferrer\">Read More<\/a>\n\t\t\t<\/div>\n\t\t\t\n\t\t\t\t\t\t\t\t\t<\/article>\n\t\t\t\t\t\t\t\t\t\t\t\t\t\t\t\t<article class=\"uagb-post__inner-wrap\">\t\t\t\t\t\t\t\t<div class='uagb-post__image'>\n\t\t\t\t\t\t\t\t\t<a href=\"https:\/\/lookercourses.com\/es\/disenar-dashboards-que-los-stakeholders-realmente-usen\/\" target=\"_self\" rel=\"bookmark noopener noreferrer\" class='uagb-image-ratio-2-3'><img loading=\"lazy\" decoding=\"async\" width=\"700\" height=\"400\" src=\"https:\/\/lookercourses.com\/es\/wp-content\/uploads\/2025\/12\/Disenar-dashboards-que-los-stakeholders-realmente-usen.jpg\" class=\"attachment-large size-large\" alt=\"Disen\u0303ar dashboards que los stakeholders realmente usen\" srcset=\"https:\/\/lookercourses.com\/es\/wp-content\/uploads\/2025\/12\/Disenar-dashboards-que-los-stakeholders-realmente-usen.jpg 700w, https:\/\/lookercourses.com\/es\/wp-content\/uploads\/2025\/12\/Disenar-dashboards-que-los-stakeholders-realmente-usen-300x171.jpg 300w\" sizes=\"auto, (max-width: 700px) 100vw, 700px\" \/>\t\t\t\t\t<\/a>\n\t\t\t\t\t\t\t<\/div>\n\t\t\t\t\t\t<h4 class=\"uagb-post__title uagb-post__text\">\n\t\t\t\t<a href=\"https:\/\/lookercourses.com\/es\/disenar-dashboards-que-los-stakeholders-realmente-usen\/\" target=\"_self\" rel=\"bookmark noopener noreferrer\">Dise\u00f1ar dashboards que los stakeholders realmente usen<\/a>\n\t\t\t<\/h4>\n\t\t\t\t\t\t<div class='uagb-post__text uagb-post-grid-byline'>\n\t\t\t\t\t\t\t\t<div class=\"uagb-post__text\">\n\t\t\t\t\t<span class='uagb-post__taxonomy'>\n\t\t\t\t\t\t\t\t\t\t\t\t<a href=\"https:\/\/lookercourses.com\/es\/category\/diseno\/\">\ud83c\udfa8 Dise\u00f1o<\/a>\t\t\t\t\t<\/span>\n\t\t\t\t<\/div>\n\t\t\t\t\t\t\t<\/div>\n\t\t\t\t\t\t\t<div class='uagb-post__text uagb-post__excerpt'>\n\t\t\t\t\t<p>Dise\u00f1ar dashboards que los stakeholders realmente usen es uno de los mayores retos en anal\u00edtica&#8230;.\t\t\t\t<\/div>\n\t\t\t\t\t\t<div class=\"uagb-post__text uagb-post__cta wp-block-button\">\n\t\t\t\t<a class=\"wp-block-button__link uagb-text-link\" style=\"\" href=\"https:\/\/lookercourses.com\/es\/disenar-dashboards-que-los-stakeholders-realmente-usen\/\" target=\"_self\" rel=\"bookmark noopener noreferrer\">Read More<\/a>\n\t\t\t<\/div>\n\t\t\t\n\t\t\t\t\t\t\t\t\t<\/article>\n\t\t\t\t\t\t\t\t\t\t\t\t\t\t\t\t<article class=\"uagb-post__inner-wrap\">\t\t\t\t\t\t\t\t<div class='uagb-post__image'>\n\t\t\t\t\t\t\t\t\t<a href=\"https:\/\/lookercourses.com\/es\/como-arreglar-problemas-en-combinaciones-en-looker-studio\/\" target=\"_self\" rel=\"bookmark noopener noreferrer\" class='uagb-image-ratio-2-3'><img loading=\"lazy\" decoding=\"async\" width=\"700\" height=\"400\" src=\"https:\/\/lookercourses.com\/es\/wp-content\/uploads\/2025\/12\/Como-arreglar-problemas-en-combinaciones-en-Looker-Studio.jpg\" class=\"attachment-large size-large\" alt=\"Co\u0301mo arreglar problemas en combinaciones en Looker Studio\" srcset=\"https:\/\/lookercourses.com\/es\/wp-content\/uploads\/2025\/12\/Como-arreglar-problemas-en-combinaciones-en-Looker-Studio.jpg 700w, https:\/\/lookercourses.com\/es\/wp-content\/uploads\/2025\/12\/Como-arreglar-problemas-en-combinaciones-en-Looker-Studio-300x171.jpg 300w\" sizes=\"auto, (max-width: 700px) 100vw, 700px\" \/>\t\t\t\t\t<\/a>\n\t\t\t\t\t\t\t<\/div>\n\t\t\t\t\t\t<h4 class=\"uagb-post__title uagb-post__text\">\n\t\t\t\t<a href=\"https:\/\/lookercourses.com\/es\/como-arreglar-problemas-en-combinaciones-en-looker-studio\/\" target=\"_self\" rel=\"bookmark noopener noreferrer\">C\u00f3mo arreglar problemas en combinaciones en Looker Studio<\/a>\n\t\t\t<\/h4>\n\t\t\t\t\t\t<div class='uagb-post__text uagb-post-grid-byline'>\n\t\t\t\t\t\t\t\t<div class=\"uagb-post__text\">\n\t\t\t\t\t<span class='uagb-post__taxonomy'>\n\t\t\t\t\t\t\t\t\t\t\t\t<a href=\"https:\/\/lookercourses.com\/es\/category\/fuentes-de-datos-y-combinaciones\/\">\ud83d\uddc2\ufe0f Fuentes de datos y Combinaciones<\/a>\t\t\t\t\t<\/span>\n\t\t\t\t<\/div>\n\t\t\t\t\t\t\t<\/div>\n\t\t\t\t\t\t\t<div class='uagb-post__text uagb-post__excerpt'>\n\t\t\t\t\t<p>C\u00f3mo arreglar problemas en combinaciones en Looker Studio es algo que cualquier persona que trabaje&#8230;\t\t\t\t<\/div>\n\t\t\t\t\t\t<div class=\"uagb-post__text uagb-post__cta wp-block-button\">\n\t\t\t\t<a class=\"wp-block-button__link uagb-text-link\" style=\"\" href=\"https:\/\/lookercourses.com\/es\/como-arreglar-problemas-en-combinaciones-en-looker-studio\/\" target=\"_self\" rel=\"bookmark noopener noreferrer\">Read More<\/a>\n\t\t\t<\/div>\n\t\t\t\n\t\t\t\t\t\t\t\t\t<\/article>\n\t\t\t\t\t\t\t\t\t\t\t\t\t\t\t\t<article class=\"uagb-post__inner-wrap\">\t\t\t\t\t\t\t\t<div class='uagb-post__image'>\n\t\t\t\t\t\t\t\t\t<a href=\"https:\/\/lookercourses.com\/es\/contenedores-y-grupos-en-looker-studio\/\" target=\"_self\" rel=\"bookmark noopener noreferrer\" class='uagb-image-ratio-2-3'><img loading=\"lazy\" decoding=\"async\" width=\"700\" height=\"400\" src=\"https:\/\/lookercourses.com\/es\/wp-content\/uploads\/2025\/12\/Contenedores-y-grupos-en-Looker-Studio.jpg\" class=\"attachment-large size-large\" alt=\"Contenedores y grupos en Looker Studio\" srcset=\"https:\/\/lookercourses.com\/es\/wp-content\/uploads\/2025\/12\/Contenedores-y-grupos-en-Looker-Studio.jpg 700w, https:\/\/lookercourses.com\/es\/wp-content\/uploads\/2025\/12\/Contenedores-y-grupos-en-Looker-Studio-300x171.jpg 300w\" sizes=\"auto, (max-width: 700px) 100vw, 700px\" \/>\t\t\t\t\t<\/a>\n\t\t\t\t\t\t\t<\/div>\n\t\t\t\t\t\t<h4 class=\"uagb-post__title uagb-post__text\">\n\t\t\t\t<a href=\"https:\/\/lookercourses.com\/es\/contenedores-y-grupos-en-looker-studio\/\" target=\"_self\" rel=\"bookmark noopener noreferrer\">Contenedores y grupos en Looker Studio<\/a>\n\t\t\t<\/h4>\n\t\t\t\t\t\t<div class='uagb-post__text uagb-post-grid-byline'>\n\t\t\t\t\t\t\t\t<div class=\"uagb-post__text\">\n\t\t\t\t\t<span class='uagb-post__taxonomy'>\n\t\t\t\t\t\t\t\t\t\t\t\t<a href=\"https:\/\/lookercourses.com\/es\/category\/funcionalidades\/\">\u2728 Funcionalidades<\/a>,&nbsp;<a href=\"https:\/\/lookercourses.com\/es\/category\/campos-calculados\/\">\u2795 Campos calculados<\/a>\t\t\t\t\t<\/span>\n\t\t\t\t<\/div>\n\t\t\t\t\t\t\t<\/div>\n\t\t\t\t\t\t\t<div class='uagb-post__text uagb-post__excerpt'>\n\t\t\t\t\t<p>Si trabajas con dashboards frecuentemente, ya sabes que la informaci\u00f3n de verdad surge cuando segmentas&#8230;\t\t\t\t<\/div>\n\t\t\t\t\t\t<div class=\"uagb-post__text uagb-post__cta wp-block-button\">\n\t\t\t\t<a class=\"wp-block-button__link uagb-text-link\" style=\"\" href=\"https:\/\/lookercourses.com\/es\/contenedores-y-grupos-en-looker-studio\/\" target=\"_self\" rel=\"bookmark noopener noreferrer\">Read More<\/a>\n\t\t\t<\/div>\n\t\t\t\n\t\t\t\t\t\t\t\t\t<\/article>\n\t\t\t\t\t\t\t\t\t\t\t\t\t\t\t\t<article class=\"uagb-post__inner-wrap\">\t\t\t\t\t\t\t\t<div class='uagb-post__image'>\n\t\t\t\t\t\t\t\t\t<a href=\"https:\/\/lookercourses.com\/es\/sumif-en-looker-studio\/\" target=\"_self\" rel=\"bookmark noopener noreferrer\" class='uagb-image-ratio-2-3'><img loading=\"lazy\" decoding=\"async\" width=\"700\" height=\"400\" src=\"https:\/\/lookercourses.com\/es\/wp-content\/uploads\/2025\/12\/SUMIF-en-Looker-Studio-Como-recrear-la-logica-de-Excel-con-formulas-SUMIF.jpg\" class=\"attachment-large size-large\" alt=\"SUMIF en Looker Studio - Co\u0301mo recrear la lo\u0301gica de Excel con fo\u0301rmulas SUM(IF)\" srcset=\"https:\/\/lookercourses.com\/es\/wp-content\/uploads\/2025\/12\/SUMIF-en-Looker-Studio-Como-recrear-la-logica-de-Excel-con-formulas-SUMIF.jpg 700w, https:\/\/lookercourses.com\/es\/wp-content\/uploads\/2025\/12\/SUMIF-en-Looker-Studio-Como-recrear-la-logica-de-Excel-con-formulas-SUMIF-300x171.jpg 300w\" sizes=\"auto, (max-width: 700px) 100vw, 700px\" \/>\t\t\t\t\t<\/a>\n\t\t\t\t\t\t\t<\/div>\n\t\t\t\t\t\t<h4 class=\"uagb-post__title uagb-post__text\">\n\t\t\t\t<a href=\"https:\/\/lookercourses.com\/es\/sumif-en-looker-studio\/\" target=\"_self\" rel=\"bookmark noopener noreferrer\">SUMIF en Looker Studio: c\u00f3mo recrear la l\u00f3gica de Excel con f\u00f3rmulas SUM(IF)<\/a>\n\t\t\t<\/h4>\n\t\t\t\t\t\t<div class='uagb-post__text uagb-post-grid-byline'>\n\t\t\t\t\t\t\t\t<div class=\"uagb-post__text\">\n\t\t\t\t\t<span class='uagb-post__taxonomy'>\n\t\t\t\t\t\t\t\t\t\t\t\t<a href=\"https:\/\/lookercourses.com\/es\/category\/campos-calculados\/\">\u2795 Campos calculados<\/a>\t\t\t\t\t<\/span>\n\t\t\t\t<\/div>\n\t\t\t\t\t\t\t<\/div>\n\t\t\t\t\t\t\t<div class='uagb-post__text uagb-post__excerpt'>\n\t\t\t\t\t<p>SUMIF en Looker Studio es una de esas funciones que te cambian la manera de&#8230;\t\t\t\t<\/div>\n\t\t\t\t\t\t<div class=\"uagb-post__text uagb-post__cta wp-block-button\">\n\t\t\t\t<a class=\"wp-block-button__link uagb-text-link\" style=\"\" href=\"https:\/\/lookercourses.com\/es\/sumif-en-looker-studio\/\" target=\"_self\" rel=\"bookmark noopener noreferrer\">Read More<\/a>\n\t\t\t<\/div>\n\t\t\t\n\t\t\t\t\t\t\t\t\t<\/article>\n\t\t\t\t\t\t\t\t\t\t\t\t\t\t\t\t<article class=\"uagb-post__inner-wrap\">\t\t\t\t\t\t\t\t<div class='uagb-post__image'>\n\t\t\t\t\t\t\t\t\t<a href=\"https:\/\/lookercourses.com\/es\/prompts-avanzados-de-formulas-en-looker-studio\/\" target=\"_self\" rel=\"bookmark noopener noreferrer\" class='uagb-image-ratio-2-3'><img loading=\"lazy\" decoding=\"async\" width=\"700\" height=\"400\" src=\"https:\/\/lookercourses.com\/es\/wp-content\/uploads\/2025\/10\/20-prompts-avanzados-de-formulas-en-Looker-Studio-para-analistas.jpg\" class=\"attachment-large size-large\" alt=\"20 prompts avanzados de fo\u0301rmulas en Looker Studio para analistas\" srcset=\"https:\/\/lookercourses.com\/es\/wp-content\/uploads\/2025\/10\/20-prompts-avanzados-de-formulas-en-Looker-Studio-para-analistas.jpg 700w, https:\/\/lookercourses.com\/es\/wp-content\/uploads\/2025\/10\/20-prompts-avanzados-de-formulas-en-Looker-Studio-para-analistas-300x171.jpg 300w\" sizes=\"auto, (max-width: 700px) 100vw, 700px\" \/>\t\t\t\t\t<\/a>\n\t\t\t\t\t\t\t<\/div>\n\t\t\t\t\t\t<h4 class=\"uagb-post__title uagb-post__text\">\n\t\t\t\t<a href=\"https:\/\/lookercourses.com\/es\/prompts-avanzados-de-formulas-en-looker-studio\/\" target=\"_self\" rel=\"bookmark noopener noreferrer\">20 prompts avanzados de f\u00f3rmulas en Looker Studio para analistas<\/a>\n\t\t\t<\/h4>\n\t\t\t\t\t\t<div class='uagb-post__text uagb-post-grid-byline'>\n\t\t\t\t\t\t\t\t<div class=\"uagb-post__text\">\n\t\t\t\t\t<span class='uagb-post__taxonomy'>\n\t\t\t\t\t\t\t\t\t\t\t\t<a href=\"https:\/\/lookercourses.com\/es\/category\/inteligencia-artificial\/\">\ud83e\udd16 Inteligencia Artificial<\/a>\t\t\t\t\t<\/span>\n\t\t\t\t<\/div>\n\t\t\t\t\t\t\t<\/div>\n\t\t\t\t\t\t\t<div class='uagb-post__text uagb-post__excerpt'>\n\t\t\t\t\t<p>Si llevas un tiempo usando el Asistente de F\u00f3rmulas de Looker Studio, ya sabr\u00e1s lo&#8230;\t\t\t\t<\/div>\n\t\t\t\t\t\t<div class=\"uagb-post__text uagb-post__cta wp-block-button\">\n\t\t\t\t<a class=\"wp-block-button__link uagb-text-link\" style=\"\" href=\"https:\/\/lookercourses.com\/es\/prompts-avanzados-de-formulas-en-looker-studio\/\" target=\"_self\" rel=\"bookmark noopener noreferrer\">Read More<\/a>\n\t\t\t<\/div>\n\t\t\t\n\t\t\t\t\t\t\t\t\t<\/article>\n\t\t\t\t\t\t\t\t\t\t\t\t\t\t\t\t<article class=\"uagb-post__inner-wrap\">\t\t\t\t\t\t\t\t<div class='uagb-post__image'>\n\t\t\t\t\t\t\t\t\t<a href=\"https:\/\/lookercourses.com\/es\/preguntas-de-conversational-analytics\/\" target=\"_self\" rel=\"bookmark noopener noreferrer\" class='uagb-image-ratio-2-3'><img loading=\"lazy\" decoding=\"async\" width=\"700\" height=\"400\" src=\"https:\/\/lookercourses.com\/es\/wp-content\/uploads\/2025\/10\/25-preguntas-de-Conversational-Analytics-en-Looker-Studio-para-obtener-insights-al-instante.jpg\" class=\"attachment-large size-large\" alt=\"25 preguntas de Conversational Analytics en Looker Studio para obtener insights al instante\" srcset=\"https:\/\/lookercourses.com\/es\/wp-content\/uploads\/2025\/10\/25-preguntas-de-Conversational-Analytics-en-Looker-Studio-para-obtener-insights-al-instante.jpg 700w, https:\/\/lookercourses.com\/es\/wp-content\/uploads\/2025\/10\/25-preguntas-de-Conversational-Analytics-en-Looker-Studio-para-obtener-insights-al-instante-300x171.jpg 300w\" sizes=\"auto, (max-width: 700px) 100vw, 700px\" \/>\t\t\t\t\t<\/a>\n\t\t\t\t\t\t\t<\/div>\n\t\t\t\t\t\t<h4 class=\"uagb-post__title uagb-post__text\">\n\t\t\t\t<a href=\"https:\/\/lookercourses.com\/es\/preguntas-de-conversational-analytics\/\" target=\"_self\" rel=\"bookmark noopener noreferrer\">25 preguntas de Conversational Analytics en Looker Studio para obtener insights al instante<\/a>\n\t\t\t<\/h4>\n\t\t\t\t\t\t<div class='uagb-post__text uagb-post-grid-byline'>\n\t\t\t\t\t\t\t\t<div class=\"uagb-post__text\">\n\t\t\t\t\t<span class='uagb-post__taxonomy'>\n\t\t\t\t\t\t\t\t\t\t\t\t<a href=\"https:\/\/lookercourses.com\/es\/category\/inteligencia-artificial\/\">\ud83e\udd16 Inteligencia Artificial<\/a>\t\t\t\t\t<\/span>\n\t\t\t\t<\/div>\n\t\t\t\t\t\t\t<\/div>\n\t\t\t\t\t\t\t<div class='uagb-post__text uagb-post__excerpt'>\n\t\t\t\t\t<p>Si est\u00e1s empezando con Conversational Analytics en Looker Studio, una de las preguntas m\u00e1s comunes&#8230;\t\t\t\t<\/div>\n\t\t\t\t\t\t<div class=\"uagb-post__text uagb-post__cta wp-block-button\">\n\t\t\t\t<a class=\"wp-block-button__link uagb-text-link\" style=\"\" href=\"https:\/\/lookercourses.com\/es\/preguntas-de-conversational-analytics\/\" target=\"_self\" rel=\"bookmark noopener noreferrer\">Read More<\/a>\n\t\t\t<\/div>\n\t\t\t\n\t\t\t\t\t\t\t\t\t<\/article>\n\t\t\t\t\t\t\t\t\t\t\t\t\t<div class=\"uagb-post-pagination-wrap\">\n\t\t\t\t\t\t<span aria-current=\"page\" class=\"page-numbers current\">1<\/span>\n<a class=\"page-numbers\" href=\"https:\/\/lookercourses.com\/es\/wp-json\/wp\/v2\/pages\/1365\/page\/2\/\">2<\/a>\n<a class=\"page-numbers\" href=\"https:\/\/lookercourses.com\/es\/wp-json\/wp\/v2\/pages\/1365\/page\/3\/\">3<\/a>\n<a class=\"page-numbers\" href=\"https:\/\/lookercourses.com\/es\/wp-json\/wp\/v2\/pages\/1365\/page\/4\/\">4<\/a>\n<a class=\"page-numbers\" href=\"https:\/\/lookercourses.com\/es\/wp-json\/wp\/v2\/pages\/1365\/page\/5\/\">5<\/a>\n<span class=\"page-numbers dots\">&hellip;<\/span>\n<a class=\"page-numbers\" href=\"https:\/\/lookercourses.com\/es\/wp-json\/wp\/v2\/pages\/1365\/page\/7\/\">7<\/a>\n<a class=\"page-numbers\" href=\"https:\/\/lookercourses.com\/es\/wp-json\/wp\/v2\/pages\/1365\/page\/8\/\">8<\/a>\n<a class=\"page-numbers\" href=\"https:\/\/lookercourses.com\/es\/wp-json\/wp\/v2\/pages\/1365\/page\/9\/\">9<\/a>\n<a class=\"page-numbers\" href=\"https:\/\/lookercourses.com\/es\/wp-json\/wp\/v2\/pages\/1365\/page\/10\/\">10<\/a>\n<a class=\"next page-numbers\" href=\"https:\/\/lookercourses.com\/es\/wp-json\/wp\/v2\/pages\/1365\/page\/2\/\">Next \u00bb<\/a>\t\t\t\t\t<\/div>\n\t\t\t\t\t\t\t\t<\/div>\n\t\t\t<\/div><\/div>\n","protected":false},"excerpt":{"rendered":"<p>Blog de Looker Studio Bienvenido a mi blog de Looker Studio, un espacio creado para ayudarte a transformar los datos [&hellip;]<\/p>\n","protected":false},"author":1,"featured_media":0,"parent":0,"menu_order":0,"comment_status":"closed","ping_status":"closed","template":"","meta":{"_uag_custom_page_level_css":"","site-sidebar-layout":"default","site-content-layout":"","ast-site-content-layout":"default","site-content-style":"default","site-sidebar-style":"default","ast-global-header-display":"","ast-banner-title-visibility":"","ast-main-header-display":"","ast-hfb-above-header-display":"","ast-hfb-below-header-display":"","ast-hfb-mobile-header-display":"","site-post-title":"","ast-breadcrumbs-content":"","ast-featured-img":"","footer-sml-layout":"","theme-transparent-header-meta":"","adv-header-id-meta":"","stick-header-meta":"","header-above-stick-meta":"","header-main-stick-meta":"","header-below-stick-meta":"","astra-migrate-meta-layouts":"default","ast-page-background-enabled":"default","ast-page-background-meta":{"desktop":{"background-color":"var(--ast-global-color-5)","background-image":"","background-repeat":"repeat","background-position":"center center","background-size":"auto","background-attachment":"scroll","background-type":"","background-media":"","overlay-type":"","overlay-color":"","overlay-opacity":"","overlay-gradient":""},"tablet":{"background-color":"","background-image":"","background-repeat":"repeat","background-position":"center center","background-size":"auto","background-attachment":"scroll","background-type":"","background-media":"","overlay-type":"","overlay-color":"","overlay-opacity":"","overlay-gradient":""},"mobile":{"background-color":"","background-image":"","background-repeat":"repeat","background-position":"center center","background-size":"auto","background-attachment":"scroll","background-type":"","background-media":"","overlay-type":"","overlay-color":"","overlay-opacity":"","overlay-gradient":""}},"ast-content-background-meta":{"desktop":{"background-color":"var(--ast-global-color-4)","background-image":"","background-repeat":"repeat","background-position":"center center","background-size":"auto","background-attachment":"scroll","background-type":"","background-media":"","overlay-type":"","overlay-color":"","overlay-opacity":"","overlay-gradient":""},"tablet":{"background-color":"var(--ast-global-color-4)","background-image":"","background-repeat":"repeat","background-position":"center center","background-size":"auto","background-attachment":"scroll","background-type":"","background-media":"","overlay-type":"","overlay-color":"","overlay-opacity":"","overlay-gradient":""},"mobile":{"background-color":"var(--ast-global-color-4)","background-image":"","background-repeat":"repeat","background-position":"center center","background-size":"auto","background-attachment":"scroll","background-type":"","background-media":"","overlay-type":"","overlay-color":"","overlay-opacity":"","overlay-gradient":""}},"footnotes":""},"class_list":["post-1365","page","type-page","status-publish","hentry"],"uagb_featured_image_src":{"full":false,"thumbnail":false,"medium":false,"medium_large":false,"large":false,"1536x1536":false,"2048x2048":false},"uagb_author_info":{"display_name":"admin","author_link":"https:\/\/lookercourses.com\/es\/author\/admin\/"},"uagb_comment_info":0,"uagb_excerpt":"Blog de Looker Studio Bienvenido a mi blog de Looker Studio, un espacio creado para ayudarte a transformar los datos [&hellip;]","_links":{"self":[{"href":"https:\/\/lookercourses.com\/es\/wp-json\/wp\/v2\/pages\/1365","targetHints":{"allow":["GET"]}}],"collection":[{"href":"https:\/\/lookercourses.com\/es\/wp-json\/wp\/v2\/pages"}],"about":[{"href":"https:\/\/lookercourses.com\/es\/wp-json\/wp\/v2\/types\/page"}],"author":[{"embeddable":true,"href":"https:\/\/lookercourses.com\/es\/wp-json\/wp\/v2\/users\/1"}],"replies":[{"embeddable":true,"href":"https:\/\/lookercourses.com\/es\/wp-json\/wp\/v2\/comments?post=1365"}],"version-history":[{"count":21,"href":"https:\/\/lookercourses.com\/es\/wp-json\/wp\/v2\/pages\/1365\/revisions"}],"predecessor-version":[{"id":2106,"href":"https:\/\/lookercourses.com\/es\/wp-json\/wp\/v2\/pages\/1365\/revisions\/2106"}],"wp:attachment":[{"href":"https:\/\/lookercourses.com\/es\/wp-json\/wp\/v2\/media?parent=1365"}],"curies":[{"name":"wp","href":"https:\/\/api.w.org\/{rel}","templated":true}]}}