{"id":1370,"date":"2024-10-24T12:31:24","date_gmt":"2024-10-24T12:31:24","guid":{"rendered":"https:\/\/lookercourses.com\/es\/?page_id=1370"},"modified":"2026-04-14T11:49:54","modified_gmt":"2026-04-14T11:49:54","slug":"sobre-mi","status":"publish","type":"page","link":"https:\/\/lookercourses.com\/es\/sobre-mi\/","title":{"rendered":"Sobre m\u00ed"},"content":{"rendered":"\n<div class=\"wp-block-uagb-container uagb-block-a79686d3 alignfull uagb-is-root-container\"><div class=\"uagb-container-inner-blocks-wrap\">\n<h1 class=\"wp-block-heading\">Sobre m\u00ed<\/h1>\n\n\n\n<p>Hola, soy <strong>B\u00e1rbara Mackey<\/strong>, analista de datos, instructora y creadora de <a href=\"https:\/\/lookercourses.com\/es\" data-type=\"link\" data-id=\"https:\/\/lookercourses.com\/es\">LookerCourses.com<\/a>. Ayudo a personas y equipos a transformar los datos en mejores decisiones con claridad y confianza.<\/p>\n\n\n\n<p>Con m\u00e1s de 20 a\u00f1os de experiencia en el sector digital, he trabajado con marcas como <strong>Net-A-Porter, Zara, Mango<\/strong> y <strong>Black&amp;Decker<\/strong>. A lo largo de los a\u00f1os, he implementado herramientas de anal\u00edtica en m\u00e1s de 100 sitios web y he ayudado a empresas de todos los tama\u00f1os a construir dashboards, medir resultados y crecer gracias al poder de los datos.<\/p>\n<\/div><\/div>\n\n\n\n<div class=\"wp-block-uagb-container uagb-block-8a600725 alignfull uagb-is-root-container\"><div class=\"uagb-container-inner-blocks-wrap\">\n<h2 class=\"wp-block-heading\">Mi historia<\/h2>\n\n\n\n<p>Empec\u00e9 mi carrera en el mundo del marketing, donde descubr\u00ed r\u00e1pidamente el enorme potencial que tienen los datos cuando se entienden y se comunican con claridad. Esa curiosidad me llev\u00f3 al campo de la anal\u00edtica digital, y desde entonces supe que ese era mi camino.<\/p>\n\n\n\n<p>Tras liderar proyectos de anal\u00edtica para agencias y marcas internacionales, fund\u00e9 <strong>MKwise.net<\/strong>, donde ayudo a empresas a estar m\u00e1s orientadas a la informaci\u00f3n a trav\u00e9s de anal\u00edtica web, dashboards y formaci\u00f3n en datos. Desde entonces he escrito un libro sobre <strong>Looker Studio<\/strong> y he creado varios <a href=\"https:\/\/lookercourses.com\/es\/cursos-looker-studio\/\" data-type=\"page\" data-id=\"1363\">cursos online<\/a> para que aprender anal\u00edtica sea algo sencillo y accesible para todos.<\/p>\n\n\n\n<p>Hoy, a trav\u00e9s de <strong>LookerCourses.com<\/strong>, comparto <a href=\"https:\/\/lookercourses.com\/es\/blog-de-looker-studio\/\" data-type=\"page\" data-id=\"1365\">tutoriales pr\u00e1cticos<\/a>, recursos y gu\u00edas paso a paso para ayudar a profesionales y equipos a entender sus datos sin sentirse abrumados.<\/p>\n<\/div><\/div>\n\n\n\n<div class=\"wp-block-uagb-container uagb-block-ed0efc41 alignfull uagb-is-root-container\"><div class=\"uagb-container-inner-blocks-wrap\">\n<h2 class=\"wp-block-heading\">Qu\u00e9 me diferencia<\/h2>\n\n\n\n<ul class=\"wp-block-list\">\n<li>\u2714 Me gusta escuchar y solucionar problemas. Me encanta ayudar a las personas a entender datos complejos claramente.<\/li>\n\n\n\n<li>\u2714 He implementado herramientas de anal\u00edtica en m\u00e1s de 100 sitios web en las \u00faltimas dos d\u00e9cadas.<\/li>\n\n\n\n<li>\u2714 Combino datos y marketing: mi formaci\u00f3n en marketing me permite traducir los insights en impacto real para el negocio.<\/li>\n\n\n\n<li>\u2714 Creo en la calidad y la eficiencia: entrego trabajo de alto nivel, de forma \u00e1gil y cuidada.<\/li>\n\n\n\n<li>\u2714 Disfruto ense\u00f1ando y ver c\u00f3mo otras personas ganan confianza trabajando con datos.<\/li>\n<\/ul>\n<\/div><\/div>\n\n\n\n<div class=\"wp-block-uagb-container uagb-block-36d8cc55 alignfull uagb-is-root-container\"><div class=\"uagb-container-inner-blocks-wrap\">\n<h2 class=\"wp-block-heading\">Mis cursos<\/h2>\n\n\n\n<p>En mis cursos ense\u00f1o <strong>Looker Studio<\/strong>, <strong>Google Analytics 4<\/strong> y herramientas con <strong>funcionalidades de IA<\/strong> como <strong>Gemini<\/strong>, siempre con un enfoque pr\u00e1ctico y f\u00e1cil de seguir. Mi objetivo es que no solo aprendas, sino que puedas aplicar lo aprendido a tus propios proyectos.<\/p>\n\n\n\n<p><a href=\"https:\/\/lookercourses.com\/es\/cursos-looker-studio\/\" target=\"_blank\" data-type=\"page\" data-id=\"1363\" rel=\"noreferrer noopener\">Explora mis cursos<\/a><\/p>\n<\/div><\/div>\n\n\n\n<div class=\"wp-block-uagb-container uagb-block-4ff36dd5 alignfull uagb-is-root-container\"><div class=\"uagb-container-inner-blocks-wrap\">\n<h2 class=\"wp-block-heading\">Perfil profesional<\/h2>\n\n\n\n<p>Antes de crear <strong>LookerCourses.com<\/strong>, trabaj\u00e9 como <strong>Data &amp; Analytics Lead<\/strong> en varias agencias y empresas tecnol\u00f3gicas, liderando proyectos para clientes internacionales en sectores como e-commerce, viajes y finanzas.<\/p>\n\n\n\n<p><strong>Algunos proyectos destacados:<\/strong><\/p>\n\n\n\n<ul class=\"wp-block-list\">\n<li>\ud83d\udcca Lider\u00e9 proyectos de anal\u00edtica en <strong>Net-A-Porter<\/strong>, donde analic\u00e9 el comportamiento de los clientes y cre\u00e9 dashboards utilizados por equipos globales.<\/li>\n\n\n\n<li>\ud83d\udcbb Cre\u00e9 dashboards de rendimiento para m\u00e1s de 60 sitios web en <strong>Hugo &amp; Cat<\/strong>, incluyendo marcas como <strong>Black+Decker<\/strong> y <strong>DEWALT<\/strong>.<\/li>\n\n\n\n<li>\ud83e\udde0 Fund\u00e9 el equipo de <strong>Insights<\/strong> en <strong>Empathy.co<\/strong>, desarrollando productos de datos y herramientas de visualizaci\u00f3n para retailers.<\/li>\n\n\n\n<li>\ud83d\udcc8 Dise\u00f1\u00e9 estrategias de datos y proyectos de optimizaci\u00f3n en <strong>TIYO<\/strong>, <strong>Kantan<\/strong> y otras agencias en Londres y Madrid.<\/li>\n<\/ul>\n\n\n\n<p>A lo largo de mi carrera he combinado an\u00e1lisis de datos, visi\u00f3n de marketing y storytelling para ayudar a las empresas a tomar decisiones m\u00e1s informadas, r\u00e1pidas y con sentido.<\/p>\n<\/div><\/div>\n\n\n\n<div class=\"wp-block-uagb-container uagb-block-769fcf07 alignfull uagb-is-root-container\"><div class=\"uagb-container-inner-blocks-wrap\">\n<h2 class=\"wp-block-heading\">M\u00e1s all\u00e1 de la anal\u00edtica<\/h2>\n\n\n\n<p>Vivo en Londres (una ciudad que me encanta) y cuando no estoy trabajando en dashboards o escribiendo tutoriales, probablemente me encontrar\u00e1s dando largos paseos, en bici o pasando tiempo con mi familia.<\/p>\n\n\n\n<p>Ese equilibrio entre la creatividad y la vida diaria es lo que m\u00e1s me inspira. De hecho, fue lo que me llev\u00f3 a crear <a href=\"https:\/\/funandplay.co.uk\" target=\"_blank\" rel=\"noreferrer noopener\">Fun and Play<\/a>, un sitio local para familias donde comparto ideas de actividades y lugares para disfrutar juntos.<\/p>\n\n\n\n<p>Tanto en mis proyectos de datos como en los familiares, siempre me mueve el deseo de crear cosas que ayuden a las personas a conectar, entender y disfrutar un poco m\u00e1s de lo que hacen.<\/p>\n\n\n\n<p>Si quieres colaborar, incluir mi trabajo o simplemente saludarme, puedes <a href=\"mailto:bmackey@lookercourses.com\" data-type=\"mailto\" data-id=\"mailto:bmackey@lookercourses.com\">contactarme aqu\u00ed<\/a> o escribirme por <a href=\"https:\/\/www.linkedin.com\/in\/barbaramackey\/\" target=\"_blank\" rel=\"noreferrer noopener\">LinkedIn<\/a>.<\/p>\n<\/div><\/div>\n\n\n\n<p><\/p>\n","protected":false},"excerpt":{"rendered":"<p>Sobre m\u00ed Hola, soy B\u00e1rbara Mackey, analista de datos, instructora y creadora de LookerCourses.com. Ayudo a personas y equipos a [&hellip;]<\/p>\n","protected":false},"author":1,"featured_media":0,"parent":0,"menu_order":0,"comment_status":"closed","ping_status":"closed","template":"","meta":{"_uag_custom_page_level_css":"","site-sidebar-layout":"default","site-content-layout":"","ast-site-content-layout":"default","site-content-style":"default","site-sidebar-style":"default","ast-global-header-display":"","ast-banner-title-visibility":"","ast-main-header-display":"","ast-hfb-above-header-display":"","ast-hfb-below-header-display":"","ast-hfb-mobile-header-display":"","site-post-title":"","ast-breadcrumbs-content":"","ast-featured-img":"","footer-sml-layout":"","theme-transparent-header-meta":"","adv-header-id-meta":"","stick-header-meta":"","header-above-stick-meta":"","header-main-stick-meta":"","header-below-stick-meta":"","astra-migrate-meta-layouts":"default","ast-page-background-enabled":"default","ast-page-background-meta":{"desktop":{"background-color":"var(--ast-global-color-5)","background-image":"","background-repeat":"repeat","background-position":"center center","background-size":"auto","background-attachment":"scroll","background-type":"","background-media":"","overlay-type":"","overlay-color":"","overlay-opacity":"","overlay-gradient":""},"tablet":{"background-color":"","background-image":"","background-repeat":"repeat","background-position":"center center","background-size":"auto","background-attachment":"scroll","background-type":"","background-media":"","overlay-type":"","overlay-color":"","overlay-opacity":"","overlay-gradient":""},"mobile":{"background-color":"","background-image":"","background-repeat":"repeat","background-position":"center center","background-size":"auto","background-attachment":"scroll","background-type":"","background-media":"","overlay-type":"","overlay-color":"","overlay-opacity":"","overlay-gradient":""}},"ast-content-background-meta":{"desktop":{"background-color":"var(--ast-global-color-4)","background-image":"","background-repeat":"repeat","background-position":"center center","background-size":"auto","background-attachment":"scroll","background-type":"","background-media":"","overlay-type":"","overlay-color":"","overlay-opacity":"","overlay-gradient":""},"tablet":{"background-color":"var(--ast-global-color-4)","background-image":"","background-repeat":"repeat","background-position":"center center","background-size":"auto","background-attachment":"scroll","background-type":"","background-media":"","overlay-type":"","overlay-color":"","overlay-opacity":"","overlay-gradient":""},"mobile":{"background-color":"var(--ast-global-color-4)","background-image":"","background-repeat":"repeat","background-position":"center center","background-size":"auto","background-attachment":"scroll","background-type":"","background-media":"","overlay-type":"","overlay-color":"","overlay-opacity":"","overlay-gradient":""}},"footnotes":""},"class_list":["post-1370","page","type-page","status-publish","hentry"],"uagb_featured_image_src":{"full":false,"thumbnail":false,"medium":false,"medium_large":false,"large":false,"1536x1536":false,"2048x2048":false},"uagb_author_info":{"display_name":"admin","author_link":"https:\/\/lookercourses.com\/es\/author\/admin\/"},"uagb_comment_info":0,"uagb_excerpt":"Sobre m\u00ed Hola, soy B\u00e1rbara Mackey, analista de datos, instructora y creadora de LookerCourses.com. Ayudo a personas y equipos a [&hellip;]","_links":{"self":[{"href":"https:\/\/lookercourses.com\/es\/wp-json\/wp\/v2\/pages\/1370","targetHints":{"allow":["GET"]}}],"collection":[{"href":"https:\/\/lookercourses.com\/es\/wp-json\/wp\/v2\/pages"}],"about":[{"href":"https:\/\/lookercourses.com\/es\/wp-json\/wp\/v2\/types\/page"}],"author":[{"embeddable":true,"href":"https:\/\/lookercourses.com\/es\/wp-json\/wp\/v2\/users\/1"}],"replies":[{"embeddable":true,"href":"https:\/\/lookercourses.com\/es\/wp-json\/wp\/v2\/comments?post=1370"}],"version-history":[{"count":33,"href":"https:\/\/lookercourses.com\/es\/wp-json\/wp\/v2\/pages\/1370\/revisions"}],"predecessor-version":[{"id":2189,"href":"https:\/\/lookercourses.com\/es\/wp-json\/wp\/v2\/pages\/1370\/revisions\/2189"}],"wp:attachment":[{"href":"https:\/\/lookercourses.com\/es\/wp-json\/wp\/v2\/media?parent=1370"}],"curies":[{"name":"wp","href":"https:\/\/api.w.org\/{rel}","templated":true}]}}