{"id":1450,"date":"2024-10-24T12:40:13","date_gmt":"2024-10-24T12:40:13","guid":{"rendered":"https:\/\/lookercourses.com\/es\/home-2\/"},"modified":"2025-07-23T12:59:45","modified_gmt":"2025-07-23T12:59:45","slug":"home-2","status":"publish","type":"page","link":"https:\/\/lookercourses.com\/es\/home-2\/","title":{"rendered":"Home"},"content":{"rendered":"<h2>\u00a1Lleva tus conocimientos de Looker Studio al siguiente nivel!<\/h2>\n<p>Sum\u00e9rgete en cursos f\u00e1ciles de seguir y consejos pr\u00e1cticos que te ayudar\u00e1n a aprovechar al m\u00e1ximo tus datos. Ya sea que est\u00e9s comenzando o quieras perfeccionar tus conocimientos, est\u00e1s en el lugar indicado. \u00a1Vamos a aprender!<\/p>\n<p>\t\t\t\t\t<a href=\"https:\/\/lookercourses.com\/es\/cursos\/\"><br \/>\n\t\t\t\t\t\t\t\t\tCursos<br \/>\n\t\t\t\t\t<\/a><br \/>\n\t\t\t\t\t<a href=\"https:\/\/lookercourses.com\/es\/\/blog\"><br \/>\n\t\t\t\t\t\t\t\t\tBlog<br \/>\n\t\t\t\t\t<\/a><\/p>\n<h2>\u00daltimos posts<\/h2>\n<p>            <a href=\"https:\/\/lookercourses.com\/es\/control-de-versiones-en-looker-studio-como-gestionar-los-cambios-en-tus-informes\/\" title=\"Control de versiones en Looker Studio: c\u00f3mo gestionar los cambios en tus informes\" rel=\"nofollow\" target=\"_blank\"><\/a><br \/>\n                <a href=\"https:\/\/lookercourses.com\/es\/category\/looker-studio\/\">Looker Studio<\/a>                <\/p>\n<h3>\n            <a href=\"https:\/\/lookercourses.com\/es\/control-de-versiones-en-looker-studio-como-gestionar-los-cambios-en-tus-informes\/\" title=\"Control de versiones en Looker Studio: c\u00f3mo gestionar los cambios en tus informes\" rel=\"nofollow\" target=\"_blank\">Control de versiones en Looker Studio: c\u00f3mo gestionar los cambios en tus informes<\/a><br \/>\n            <\/h3>\n<p>Una de las cosas que m\u00e1s valoro al trabajar de forma habitual en Looker Studio es lo f\u00e1cil que es&#8230;<\/p>\n<p>                        <a href=\"https:\/\/lookercourses.com\/es\/control-de-versiones-en-looker-studio-como-gestionar-los-cambios-en-tus-informes\/\" ><br \/>\n             Leer m\u00e1s<br \/>\n                <svg aria-hidden=\"true\" viewBox=\"0 0 448 512\" xmlns=\"http:\/\/www.w3.org\/2000\/svg\"><path d=\"M313.941 216H12c-6.627 0-12 5.373-12 12v56c0 6.627 5.373 12 12 12h301.941v46.059c0 21.382 25.851 32.09 40.971 16.971l86.059-86.059c9.373-9.373 9.373-24.569 0-33.941l-86.059-86.059c-15.119-15.119-40.971-4.411-40.971 16.971V216z\"><\/path><\/svg><br \/>\n        <\/a><br \/>\n            <a href=\"https:\/\/lookercourses.com\/es\/como-aplicar-branding-a-tus-informes-de-looker-studio-para-un-acabado-profesional\/\" title=\"C\u00f3mo aplicar branding a tus informes de Looker Studio para un acabado profesional\" rel=\"nofollow\" target=\"_blank\"><\/a><br \/>\n                <a href=\"https:\/\/lookercourses.com\/es\/category\/looker-studio\/diseno\/\">Dise\u00f1o<\/a>                <\/p>\n<h3>\n            <a href=\"https:\/\/lookercourses.com\/es\/como-aplicar-branding-a-tus-informes-de-looker-studio-para-un-acabado-profesional\/\" title=\"C\u00f3mo aplicar branding a tus informes de Looker Studio para un acabado profesional\" rel=\"nofollow\" target=\"_blank\">C\u00f3mo aplicar branding a tus informes de Looker Studio para un acabado profesional<\/a><br \/>\n            <\/h3>\n<p>Cuando dise\u00f1o un dashboard en Looker Studio, no solo pienso en que los datos se vean claros. Tambi\u00e9n quiero que&#8230;<\/p>\n<p>                        <a href=\"https:\/\/lookercourses.com\/es\/como-aplicar-branding-a-tus-informes-de-looker-studio-para-un-acabado-profesional\/\" ><br \/>\n             Leer m\u00e1s<br \/>\n                <svg aria-hidden=\"true\" viewBox=\"0 0 448 512\" xmlns=\"http:\/\/www.w3.org\/2000\/svg\"><path d=\"M313.941 216H12c-6.627 0-12 5.373-12 12v56c0 6.627 5.373 12 12 12h301.941v46.059c0 21.382 25.851 32.09 40.971 16.971l86.059-86.059c9.373-9.373 9.373-24.569 0-33.941l-86.059-86.059c-15.119-15.119-40.971-4.411-40.971 16.971V216z\"><\/path><\/svg><br \/>\n        <\/a><br \/>\n            <a href=\"https:\/\/lookercourses.com\/es\/consejos-de-diseno-para-dashboards-en-looker-studio-como-crear-informes-claros-y-efectivos\/\" title=\"Consejos de dise\u00f1o para dashboards en Looker Studio: c\u00f3mo crear informes claros y efectivos\" rel=\"nofollow\" target=\"_blank\"><\/a><br \/>\n                <a href=\"https:\/\/lookercourses.com\/es\/category\/looker-studio\/diseno\/\">Dise\u00f1o<\/a>                <\/p>\n<h3>\n            <a href=\"https:\/\/lookercourses.com\/es\/consejos-de-diseno-para-dashboards-en-looker-studio-como-crear-informes-claros-y-efectivos\/\" title=\"Consejos de dise\u00f1o para dashboards en Looker Studio: c\u00f3mo crear informes claros y efectivos\" rel=\"nofollow\" target=\"_blank\">Consejos de dise\u00f1o para dashboards en Looker Studio: c\u00f3mo crear informes claros y efectivos<\/a><br \/>\n            <\/h3>\n<p>Cuando creo dashboards en Looker Studio, no solo pienso en los datos. Tambi\u00e9n pienso en c\u00f3mo otra persona los va&#8230;<\/p>\n<p>                        <a href=\"https:\/\/lookercourses.com\/es\/consejos-de-diseno-para-dashboards-en-looker-studio-como-crear-informes-claros-y-efectivos\/\" ><br \/>\n             Leer m\u00e1s<br \/>\n                <svg aria-hidden=\"true\" viewBox=\"0 0 448 512\" xmlns=\"http:\/\/www.w3.org\/2000\/svg\"><path d=\"M313.941 216H12c-6.627 0-12 5.373-12 12v56c0 6.627 5.373 12 12 12h301.941v46.059c0 21.382 25.851 32.09 40.971 16.971l86.059-86.059c9.373-9.373 9.373-24.569 0-33.941l-86.059-86.059c-15.119-15.119-40.971-4.411-40.971 16.971V216z\"><\/path><\/svg><br \/>\n        <\/a><br \/>\n            <a href=\"https:\/\/lookercourses.com\/es\/como-insertar-videos-y-dashboards-de-looker-studio-para-mejorar-la-experiencia-del-usuario\/\" title=\"C\u00f3mo insertar v\u00eddeos y dashboards de Looker Studio para mejorar la experiencia del usuario\" rel=\"nofollow\" target=\"_blank\"><\/a><br \/>\n                <a href=\"https:\/\/lookercourses.com\/es\/category\/looker-studio\/insertar-informes\/\">Insertar informes<\/a>                <\/p>\n<h3>\n            <a href=\"https:\/\/lookercourses.com\/es\/como-insertar-videos-y-dashboards-de-looker-studio-para-mejorar-la-experiencia-del-usuario\/\" title=\"C\u00f3mo insertar v\u00eddeos y dashboards de Looker Studio para mejorar la experiencia del usuario\" rel=\"nofollow\" target=\"_blank\">C\u00f3mo insertar v\u00eddeos y dashboards de Looker Studio para mejorar la experiencia del usuario<\/a><br \/>\n            <\/h3>\n<p>Con Looker Studio he aprendido que crear un buen informe va m\u00e1s all\u00e1 de dise\u00f1ar gr\u00e1ficos bonitos y aplicar filtros&#8230;<\/p>\n<p>                        <a href=\"https:\/\/lookercourses.com\/es\/como-insertar-videos-y-dashboards-de-looker-studio-para-mejorar-la-experiencia-del-usuario\/\" ><br \/>\n             Leer m\u00e1s<br \/>\n                <svg aria-hidden=\"true\" viewBox=\"0 0 448 512\" xmlns=\"http:\/\/www.w3.org\/2000\/svg\"><path d=\"M313.941 216H12c-6.627 0-12 5.373-12 12v56c0 6.627 5.373 12 12 12h301.941v46.059c0 21.382 25.851 32.09 40.971 16.971l86.059-86.059c9.373-9.373 9.373-24.569 0-33.941l-86.059-86.059c-15.119-15.119-40.971-4.411-40.971 16.971V216z\"><\/path><\/svg><br \/>\n        <\/a><br \/>\n            <a href=\"https:\/\/lookercourses.com\/es\/como-optimizar-tus-informes-en-looker-studio-para-que-carguen-mas-rapido-y-sean-mas-claros\/\" title=\"C\u00f3mo optimizar tus informes en Looker Studio para que carguen m\u00e1s r\u00e1pido y sean m\u00e1s claros\" rel=\"nofollow\" target=\"_blank\"><\/a><br \/>\n                <a href=\"https:\/\/lookercourses.com\/es\/category\/looker-studio\/\">Looker Studio<\/a>                <\/p>\n<h3>\n            <a href=\"https:\/\/lookercourses.com\/es\/como-optimizar-tus-informes-en-looker-studio-para-que-carguen-mas-rapido-y-sean-mas-claros\/\" title=\"C\u00f3mo optimizar tus informes en Looker Studio para que carguen m\u00e1s r\u00e1pido y sean m\u00e1s claros\" rel=\"nofollow\" target=\"_blank\">C\u00f3mo optimizar tus informes en Looker Studio para que carguen m\u00e1s r\u00e1pido y sean m\u00e1s claros<\/a><br \/>\n            <\/h3>\n<p>Cuando dise\u00f1o informes en Looker Studio, siempre tengo dos objetivos claros: que carguen r\u00e1pido y que sean f\u00e1ciles de leer&#8230;.<\/p>\n<p>                        <a href=\"https:\/\/lookercourses.com\/es\/como-optimizar-tus-informes-en-looker-studio-para-que-carguen-mas-rapido-y-sean-mas-claros\/\" ><br \/>\n             Leer m\u00e1s<br \/>\n                <svg aria-hidden=\"true\" viewBox=\"0 0 448 512\" xmlns=\"http:\/\/www.w3.org\/2000\/svg\"><path d=\"M313.941 216H12c-6.627 0-12 5.373-12 12v56c0 6.627 5.373 12 12 12h301.941v46.059c0 21.382 25.851 32.09 40.971 16.971l86.059-86.059c9.373-9.373 9.373-24.569 0-33.941l-86.059-86.059c-15.119-15.119-40.971-4.411-40.971 16.971V216z\"><\/path><\/svg><br \/>\n        <\/a><br \/>\n            <a href=\"https:\/\/lookercourses.com\/es\/como-hacer-analisis-de-rutas-en-looker-studio-con-ga4-y-bigquery\/\" title=\"C\u00f3mo hacer an\u00e1lisis de rutas en Looker Studio con GA4 y BigQuery\" rel=\"nofollow\" target=\"_blank\"><\/a><br \/>\n                <a href=\"https:\/\/lookercourses.com\/es\/category\/looker-studio\/analisis\/\">An\u00e1lisis<\/a>                <\/p>\n<h3>\n            <a href=\"https:\/\/lookercourses.com\/es\/como-hacer-analisis-de-rutas-en-looker-studio-con-ga4-y-bigquery\/\" title=\"C\u00f3mo hacer an\u00e1lisis de rutas en Looker Studio con GA4 y BigQuery\" rel=\"nofollow\" target=\"_blank\">C\u00f3mo hacer an\u00e1lisis de rutas en Looker Studio con GA4 y BigQuery<\/a><br \/>\n            <\/h3>\n<p>Cuando quiero entender c\u00f3mo navegan los usuarios por mi sitio web (qu\u00e9 p\u00e1gina visitan primero, ad\u00f3nde van despu\u00e9s y en&#8230;<\/p>\n<p>                        <a href=\"https:\/\/lookercourses.com\/es\/como-hacer-analisis-de-rutas-en-looker-studio-con-ga4-y-bigquery\/\" ><br \/>\n             Leer m\u00e1s<br \/>\n                <svg aria-hidden=\"true\" viewBox=\"0 0 448 512\" xmlns=\"http:\/\/www.w3.org\/2000\/svg\"><path d=\"M313.941 216H12c-6.627 0-12 5.373-12 12v56c0 6.627 5.373 12 12 12h301.941v46.059c0 21.382 25.851 32.09 40.971 16.971l86.059-86.059c9.373-9.373 9.373-24.569 0-33.941l-86.059-86.059c-15.119-15.119-40.971-4.411-40.971 16.971V216z\"><\/path><\/svg><br \/>\n        <\/a><br \/>\n            <a href=\"https:\/\/lookercourses.com\/es\/como-hacer-busquedas-en-looker-studio-con-combinacion-de-datos-data-blending\/\" title=\"C\u00f3mo hacer b\u00fasquedas en Looker Studio con combinaci\u00f3n de datos (data blending)\" rel=\"nofollow\" target=\"_blank\"><\/a><br \/>\n                <a href=\"https:\/\/lookercourses.com\/es\/category\/looker-studio\/combinaciones\/\">Combinaciones<\/a>                <\/p>\n<h3>\n            <a href=\"https:\/\/lookercourses.com\/es\/como-hacer-busquedas-en-looker-studio-con-combinacion-de-datos-data-blending\/\" title=\"C\u00f3mo hacer b\u00fasquedas en Looker Studio con combinaci\u00f3n de datos (data blending)\" rel=\"nofollow\" target=\"_blank\">C\u00f3mo hacer b\u00fasquedas en Looker Studio con combinaci\u00f3n de datos (data blending)<\/a><br \/>\n            <\/h3>\n<p>Una de las preguntas m\u00e1s comunes que recibo sobre Looker Studio es: \u00bfC\u00f3mo puedo hacer b\u00fasquedas como con VLOOKUP en&#8230;<\/p>\n<p>                        <a href=\"https:\/\/lookercourses.com\/es\/como-hacer-busquedas-en-looker-studio-con-combinacion-de-datos-data-blending\/\" ><br \/>\n             Leer m\u00e1s<br \/>\n                <svg aria-hidden=\"true\" viewBox=\"0 0 448 512\" xmlns=\"http:\/\/www.w3.org\/2000\/svg\"><path d=\"M313.941 216H12c-6.627 0-12 5.373-12 12v56c0 6.627 5.373 12 12 12h301.941v46.059c0 21.382 25.851 32.09 40.971 16.971l86.059-86.059c9.373-9.373 9.373-24.569 0-33.941l-86.059-86.059c-15.119-15.119-40.971-4.411-40.971 16.971V216z\"><\/path><\/svg><br \/>\n        <\/a><br \/>\n            <a href=\"https:\/\/lookercourses.com\/es\/como-usar-texto-dinamico-y-parametros-en-looker-studio-para-crear-informes-interactivos\/\" title=\"C\u00f3mo usar texto din\u00e1mico y par\u00e1metros en Looker Studio para crear informes interactivos\" rel=\"nofollow\" target=\"_blank\"><\/a><br \/>\n                <a href=\"https:\/\/lookercourses.com\/es\/category\/looker-studio\/\">Looker Studio<\/a>                <\/p>\n<h3>\n            <a href=\"https:\/\/lookercourses.com\/es\/como-usar-texto-dinamico-y-parametros-en-looker-studio-para-crear-informes-interactivos\/\" title=\"C\u00f3mo usar texto din\u00e1mico y par\u00e1metros en Looker Studio para crear informes interactivos\" rel=\"nofollow\" target=\"_blank\">C\u00f3mo usar texto din\u00e1mico y par\u00e1metros en Looker Studio para crear informes interactivos<\/a><br \/>\n            <\/h3>\n<p>Si est\u00e1s buscando que tus informes sean m\u00e1s interactivos, personalizados y f\u00e1ciles de entender, combinar texto din\u00e1mico con par\u00e1metros en&#8230;<\/p>\n<p>                        <a href=\"https:\/\/lookercourses.com\/es\/como-usar-texto-dinamico-y-parametros-en-looker-studio-para-crear-informes-interactivos\/\" ><br \/>\n             Leer m\u00e1s<br \/>\n                <svg aria-hidden=\"true\" viewBox=\"0 0 448 512\" xmlns=\"http:\/\/www.w3.org\/2000\/svg\"><path d=\"M313.941 216H12c-6.627 0-12 5.373-12 12v56c0 6.627 5.373 12 12 12h301.941v46.059c0 21.382 25.851 32.09 40.971 16.971l86.059-86.059c9.373-9.373 9.373-24.569 0-33.941l-86.059-86.059c-15.119-15.119-40.971-4.411-40.971 16.971V216z\"><\/path><\/svg><br \/>\n        <\/a><br \/>\n            <a href=\"https:\/\/lookercourses.com\/es\/como-usar-parametros-en-looker-studio-para-crear-benchmarks-personalizados\/\" title=\"C\u00f3mo usar par\u00e1metros en Looker Studio para crear benchmarks personalizados\" rel=\"nofollow\" target=\"_blank\"><\/a><br \/>\n                <a href=\"https:\/\/lookercourses.com\/es\/category\/looker-studio\/\">Looker Studio<\/a>                <\/p>\n<h3>\n            <a href=\"https:\/\/lookercourses.com\/es\/como-usar-parametros-en-looker-studio-para-crear-benchmarks-personalizados\/\" title=\"C\u00f3mo usar par\u00e1metros en Looker Studio para crear benchmarks personalizados\" rel=\"nofollow\" target=\"_blank\">C\u00f3mo usar par\u00e1metros en Looker Studio para crear benchmarks personalizados<\/a><br \/>\n            <\/h3>\n<p>Si alguna vez has querido que tus informes sean m\u00e1s interactivos y se adapten a las necesidades espec\u00edficas de cada&#8230;<\/p>\n<p>                        <a href=\"https:\/\/lookercourses.com\/es\/como-usar-parametros-en-looker-studio-para-crear-benchmarks-personalizados\/\" ><br \/>\n             Leer m\u00e1s<br \/>\n                <svg aria-hidden=\"true\" viewBox=\"0 0 448 512\" xmlns=\"http:\/\/www.w3.org\/2000\/svg\"><path d=\"M313.941 216H12c-6.627 0-12 5.373-12 12v56c0 6.627 5.373 12 12 12h301.941v46.059c0 21.382 25.851 32.09 40.971 16.971l86.059-86.059c9.373-9.373 9.373-24.569 0-33.941l-86.059-86.059c-15.119-15.119-40.971-4.411-40.971 16.971V216z\"><\/path><\/svg><br \/>\n        <\/a><br \/>\n            <a href=\"https:\/\/lookercourses.com\/es\/como-segmentar-tus-datos-con-filtros-en-looker-studio-guia-paso-a-paso\/\" title=\"C\u00f3mo segmentar tus datos con filtros en Looker Studio (gu\u00eda paso a paso)\" rel=\"nofollow\" target=\"_blank\"><\/a><br \/>\n                <a href=\"https:\/\/lookercourses.com\/es\/category\/looker-studio\/filtros\/\">Filtros<\/a>                <\/p>\n<h3>\n            <a href=\"https:\/\/lookercourses.com\/es\/como-segmentar-tus-datos-con-filtros-en-looker-studio-guia-paso-a-paso\/\" title=\"C\u00f3mo segmentar tus datos con filtros en Looker Studio (gu\u00eda paso a paso)\" rel=\"nofollow\" target=\"_blank\">C\u00f3mo segmentar tus datos con filtros en Looker Studio (gu\u00eda paso a paso)<\/a><br \/>\n            <\/h3>\n<p>Si alguna vez te has sentido abrumado por la cantidad de datos en tus informes, la segmentaci\u00f3n puede convertirse en&#8230;<\/p>\n<p>                        <a href=\"https:\/\/lookercourses.com\/es\/como-segmentar-tus-datos-con-filtros-en-looker-studio-guia-paso-a-paso\/\" ><br \/>\n             Leer m\u00e1s<br \/>\n                <svg aria-hidden=\"true\" viewBox=\"0 0 448 512\" xmlns=\"http:\/\/www.w3.org\/2000\/svg\"><path d=\"M313.941 216H12c-6.627 0-12 5.373-12 12v56c0 6.627 5.373 12 12 12h301.941v46.059c0 21.382 25.851 32.09 40.971 16.971l86.059-86.059c9.373-9.373 9.373-24.569 0-33.941l-86.059-86.059c-15.119-15.119-40.971-4.411-40.971 16.971V216z\"><\/path><\/svg><br \/>\n        <\/a><\/p>\n","protected":false},"excerpt":{"rendered":"<p>\u00a1Lleva tus conocimientos de Looker Studio al siguiente nivel! Sum\u00e9rgete en cursos f\u00e1ciles de seguir y consejos pr\u00e1cticos que te [&hellip;]<\/p>\n","protected":false},"author":1,"featured_media":0,"parent":0,"menu_order":0,"comment_status":"closed","ping_status":"closed","template":"","meta":{"_uag_custom_page_level_css":"","site-sidebar-layout":"default","site-content-layout":"","ast-site-content-layout":"default","site-content-style":"default","site-sidebar-style":"default","ast-global-header-display":"","ast-banner-title-visibility":"","ast-main-header-display":"","ast-hfb-above-header-display":"","ast-hfb-below-header-display":"","ast-hfb-mobile-header-display":"","site-post-title":"","ast-breadcrumbs-content":"","ast-featured-img":"","footer-sml-layout":"","theme-transparent-header-meta":"","adv-header-id-meta":"","stick-header-meta":"","header-above-stick-meta":"","header-main-stick-meta":"","header-below-stick-meta":"","astra-migrate-meta-layouts":"default","ast-page-background-enabled":"default","ast-page-background-meta":{"desktop":{"background-color":"var(--ast-global-color-5)","background-image":"","background-repeat":"repeat","background-position":"center center","background-size":"auto","background-attachment":"scroll","background-type":"","background-media":"","overlay-type":"","overlay-color":"","overlay-opacity":"","overlay-gradient":""},"tablet":{"background-color":"","background-image":"","background-repeat":"repeat","background-position":"center center","background-size":"auto","background-attachment":"scroll","background-type":"","background-media":"","overlay-type":"","overlay-color":"","overlay-opacity":"","overlay-gradient":""},"mobile":{"background-color":"","background-image":"","background-repeat":"repeat","background-position":"center center","background-size":"auto","background-attachment":"scroll","background-type":"","background-media":"","overlay-type":"","overlay-color":"","overlay-opacity":"","overlay-gradient":""}},"ast-content-background-meta":{"desktop":{"background-color":"var(--ast-global-color-4)","background-image":"","background-repeat":"repeat","background-position":"center center","background-size":"auto","background-attachment":"scroll","background-type":"","background-media":"","overlay-type":"","overlay-color":"","overlay-opacity":"","overlay-gradient":""},"tablet":{"background-color":"var(--ast-global-color-4)","background-image":"","background-repeat":"repeat","background-position":"center center","background-size":"auto","background-attachment":"scroll","background-type":"","background-media":"","overlay-type":"","overlay-color":"","overlay-opacity":"","overlay-gradient":""},"mobile":{"background-color":"var(--ast-global-color-4)","background-image":"","background-repeat":"repeat","background-position":"center center","background-size":"auto","background-attachment":"scroll","background-type":"","background-media":"","overlay-type":"","overlay-color":"","overlay-opacity":"","overlay-gradient":""}},"footnotes":""},"class_list":["post-1450","page","type-page","status-publish","hentry"],"uagb_featured_image_src":{"full":false,"thumbnail":false,"medium":false,"medium_large":false,"large":false,"1536x1536":false,"2048x2048":false},"uagb_author_info":{"display_name":"admin","author_link":"https:\/\/lookercourses.com\/es\/author\/admin\/"},"uagb_comment_info":0,"uagb_excerpt":"\u00a1Lleva tus conocimientos de Looker Studio al siguiente nivel! Sum\u00e9rgete en cursos f\u00e1ciles de seguir y consejos pr\u00e1cticos que te [&hellip;]","_links":{"self":[{"href":"https:\/\/lookercourses.com\/es\/wp-json\/wp\/v2\/pages\/1450","targetHints":{"allow":["GET"]}}],"collection":[{"href":"https:\/\/lookercourses.com\/es\/wp-json\/wp\/v2\/pages"}],"about":[{"href":"https:\/\/lookercourses.com\/es\/wp-json\/wp\/v2\/types\/page"}],"author":[{"embeddable":true,"href":"https:\/\/lookercourses.com\/es\/wp-json\/wp\/v2\/users\/1"}],"replies":[{"embeddable":true,"href":"https:\/\/lookercourses.com\/es\/wp-json\/wp\/v2\/comments?post=1450"}],"version-history":[{"count":47,"href":"https:\/\/lookercourses.com\/es\/wp-json\/wp\/v2\/pages\/1450\/revisions"}],"predecessor-version":[{"id":1804,"href":"https:\/\/lookercourses.com\/es\/wp-json\/wp\/v2\/pages\/1450\/revisions\/1804"}],"wp:attachment":[{"href":"https:\/\/lookercourses.com\/es\/wp-json\/wp\/v2\/media?parent=1450"}],"curies":[{"name":"wp","href":"https:\/\/api.w.org\/{rel}","templated":true}]}}