{"id":2063,"date":"2025-10-11T19:28:58","date_gmt":"2025-10-11T19:28:58","guid":{"rendered":"https:\/\/lookercourses.com\/es\/?page_id=2063"},"modified":"2025-12-03T11:09:14","modified_gmt":"2025-12-03T11:09:14","slug":"2063-2","status":"publish","type":"page","link":"https:\/\/lookercourses.com\/es\/","title":{"rendered":"Home"},"content":{"rendered":"\n<div class=\"wp-block-uagb-container uagb-block-1daf4959 alignfull uagb-is-root-container\">\n<div class=\"wp-block-uagb-container uagb-block-42dba099 alignfull uagb-is-root-container\"><div class=\"uagb-container-inner-blocks-wrap\">\n<div class=\"wp-block-uagb-advanced-heading uagb-block-f5034050\"><h1 class=\"uagb-heading-text\">Domina Looker Studio,<br>Paso a Paso.<\/h1><p class=\"uagb-desc-text\">Desde dashboards interactivos hasta insights generados con IA. Tutoriales pr\u00e1cticos, consejos y trucos para ayudarte a crear informes m\u00e1s inteligentes.<\/p><\/div>\n\n\n\n<div class=\"wp-block-uagb-buttons uagb-buttons__outer-wrap uagb-btn__medium-btn uagb-btn-tablet__default-btn uagb-btn-mobile__default-btn uagb-block-13369b12\"><div class=\"uagb-buttons__wrap uagb-buttons-layout-wrap \">\n<div class=\"wp-block-uagb-buttons-child uagb-buttons__outer-wrap uagb-block-b796ba00 wp-block-button\"><div class=\"uagb-button__wrapper\"><a class=\"uagb-buttons-repeater wp-block-button__link\" aria-label=\"\" href=\"\/es\/cursos-looker-studio\/\" rel=\"follow noopener\" target=\"_self\" role=\"button\"><div class=\"uagb-button__link\">Explora mis cursos<\/div><\/a><\/div><\/div>\n\n\n\n<div class=\"wp-block-uagb-buttons-child uagb-buttons__outer-wrap uagb-block-0b7a2cc1 wp-block-button\"><div class=\"uagb-button__wrapper\"><a class=\"uagb-buttons-repeater wp-block-button__link\" aria-label=\"\" href=\"\/es\/curso-gratuito-de-looker-studio\/\" rel=\"follow noopener\" target=\"_self\" role=\"button\"><div class=\"uagb-button__link\">Recibe el curso gratuito<\/div><\/a><\/div><\/div>\n<\/div><\/div>\n<\/div><\/div>\n<\/div>\n\n\n\n<div class=\"wp-block-uagb-container uagb-block-d8e591f6 alignfull uagb-is-root-container\"><div class=\"uagb-container-inner-blocks-wrap\">\n<h2 class=\"wp-block-heading\">Cursos destacados<\/h2>\n\n\n\n<div class=\"wp-block-uagb-container uagb-block-a837607d alignfull uagb-is-root-container\"><div class=\"uagb-container-inner-blocks-wrap\">\n<div class=\"wp-block-uagb-container uagb-block-26697631\">\n<div class=\"wp-block-uagb-info-box uagb-block-bb6a8d53 uagb-infobox__content-wrap  uagb-infobox-icon-above-title uagb-infobox-image-valign-top\"><div class=\"uagb-ifb-content\"><div class=\"uagb-ifb-title-wrap\"><h3 class=\"uagb-ifb-title\">\ud83c\udf81 Curso GRATUITO de introducci\u00f3n a Looker Studio<\/h3><\/div><p class=\"uagb-ifb-desc\">Aprende a crear tu primer informe interactivo paso a paso. Perfecto si empiezas desde cero o quieres un repaso r\u00e1pido.<br><br>\u2728 Aprende lo b\u00e1sico paso a paso<br>\ud83e\ude84 Explicaciones claras y visuales (sin jerga)<br>\ud83d\udcca Un ejemplo pr\u00e1ctico para poder seguir en tu propio ordenador<\/p><div class=\"uagb-ifb-button-wrapper wp-block-button\"><a href=\"\/es\/curso-gratuito-de-looker-studio\/\" class=\"uagb-infobox-cta-link wp-block-button__link\" target=\"_self\" rel=\"noopener noreferrer\" onclick=\"return true;\"><span class=\"uagb-inline-editing\">Consigue acceso gratis<\/span><\/a><\/div><\/div><\/div>\n<\/div>\n\n\n\n<div class=\"wp-block-uagb-container uagb-block-986b9be5\">\n<div class=\"wp-block-uagb-info-box uagb-block-d56b2aa0 uagb-infobox__content-wrap  uagb-infobox-icon-above-title uagb-infobox-image-valign-top\"><div class=\"uagb-ifb-content\"><div class=\"uagb-ifb-title-wrap\"><h3 class=\"uagb-ifb-title\">\ud83c\udf93 Looker Studio: De Cero a Experto + IA 2025<\/h3><\/div><p class=\"uagb-ifb-desc\">Domina Looker Studio paso a paso y descubre c\u00f3mo la Inteligencia Artificial puede ayudarte a analizar y visualizar tus datos de forma m\u00e1s r\u00e1pida y eficaz.<br><br>\ud83d\udca1 Aprende desde los fundamentos hasta t\u00e9cnicas avanzadas<br>\ud83d\udcc8 Crea dashboards interactivos con controles y filtros<br>\ud83e\udd16 Explora las nuevas funcionalidades de IA con Google Geminia<\/p><div class=\"uagb-ifb-button-wrapper wp-block-button\"><a href=\"https:\/\/www.udemy.com\/course\/looker-studio-desde-cero-a-nivel-avanzado\/?referralCode=3915E5AC5071298818ED\" class=\"uagb-infobox-cta-link wp-block-button__link\" target=\"_blank\" rel=\"noopener noreferrer\" onclick=\"return true;\"><span class=\"uagb-inline-editing\">Ver curso en Udemy<\/span><\/a><\/div><\/div><\/div>\n<\/div>\n\n\n\n<div class=\"wp-block-uagb-container uagb-block-11db918b\">\n<div class=\"wp-block-uagb-info-box uagb-block-1ce63a0a uagb-infobox__content-wrap  uagb-infobox-icon-above-title uagb-infobox-image-valign-top\"><div class=\"uagb-ifb-content\"><div class=\"uagb-ifb-title-wrap\"><h3 class=\"uagb-ifb-title\">\ud83d\udcca <strong>Aprende Google Analytics 4 y Looker Studio<\/strong><\/h3><\/div><p class=\"uagb-ifb-desc\">Domina dos herramientas esenciales para analizar y visualizar tus datos. Aprende sobre el comportamiento de tus usuarios y a crear dashboards que cuentan historias.<br><br>\ud83d\udca1 Interpreta tus datos con Google Analytics 4<br>\ud83d\udcca Dise\u00f1a dashboards visuales e interactivos en Looker Studio<br>\ud83d\udd17 Conecta GA4 y m\u00e1s para obtener insights m\u00e1s profundos<\/p><div class=\"uagb-ifb-button-wrapper wp-block-button\"><a href=\"https:\/\/www.udemy.com\/course\/aprende-google-analytics-4-y-looker-studio\/?referralCode=B4A031A7A66F31DECFE2\" class=\"uagb-infobox-cta-link wp-block-button__link\" target=\"_blank\" rel=\"noopener noreferrer\" onclick=\"return true;\"><span class=\"uagb-inline-editing\">Ver curso en Udemy<\/span><\/a><\/div><\/div><\/div>\n<\/div>\n<\/div><\/div>\n<\/div><\/div>\n\n\n\n<div class=\"wp-block-uagb-container uagb-block-d886467a alignfull uagb-is-root-container\"><div class=\"uagb-container-inner-blocks-wrap\">\n<div class=\"wp-block-uagb-container uagb-block-d6fc82da alignfull uagb-is-root-container\"><div class=\"uagb-container-inner-blocks-wrap\">\n<h2 class=\"wp-block-heading\">\ud83d\udcac Lo que dicen mis estudiantes (valoraci\u00f3n media: 4.5 \u2b50)<\/h2>\n\n\n\n<div class=\"wp-block-uagb-container uagb-block-e12db043\">\n<p class=\"has-text-align-center\">M\u00e1s de <strong>1.600 estudiantes<\/strong> ya se han unido a mis cursos en Udemy,<br>con una <strong>valoraci\u00f3n media de 4.5 \u2b50<\/strong>.<\/p>\n\n\n\n<div class=\"wp-block-uagb-slider uagb-block-18469806 uagb-slider-container\"><div class=\"uagb-slides uagb-swiper\"><div class=\"swiper-wrapper\">\n<div class=\"wp-block-uagb-slider-child uagb-slider-child-wrap swiper-slide uagb-block-b72253f3\"><div class=\"swiper-content\">\n<div class=\"wp-block-uagb-container uagb-block-e15235a6\">\n<div class=\"wp-block-uagb-info-box uagb-block-05263370 uagb-infobox__content-wrap  uagb-infobox-icon-above-title uagb-infobox-image-valign-top\"><div class=\"uagb-ifb-content\"><div class=\"uagb-ifb-title-wrap\"><h3 class=\"uagb-ifb-title\"><mark style=\"background-color:rgba(0, 0, 0, 0);color:#fcb900\" class=\"has-inline-color\"><strong>\u2b50\u2b50\u2b50\u2b50\u2b50<\/strong><\/mark><\/h3><\/div><p class=\"uagb-ifb-desc\"><em>&#8220;Elegir este curso fue sin duda una excelente decisi\u00f3n. El contenido es muy completo, bien estructurado y enriquecido, con ejemplos claros y pr\u00e1cticos. Como era mi primera experiencia con la aplicaci\u00f3n, me sorprendi\u00f3 lo sencillo que result\u00f3 todo gracias a la forma en que est\u00e1 dise\u00f1ado. Adem\u00e1s, la disposici\u00f3n de B\u00e1rbara para responder dudas es realmente valiosa y aporta un gran apoyo al aprendizaje. Esto, para m\u00ed, hace toda la diferencia.&#8221;<\/em><\/p><\/div><\/div>\n<\/div>\n<\/div><\/div>\n\n\n\n<div class=\"wp-block-uagb-slider-child uagb-slider-child-wrap swiper-slide uagb-block-84f7b600\"><div class=\"swiper-content\">\n<div class=\"wp-block-uagb-container uagb-block-fd113b26\">\n<div class=\"wp-block-uagb-info-box uagb-block-a3a4fe71 uagb-infobox__content-wrap  uagb-infobox-icon-above-title uagb-infobox-image-valign-top\"><div class=\"uagb-ifb-content\"><div class=\"uagb-ifb-title-wrap\"><h3 class=\"uagb-ifb-title\"><mark style=\"background-color:rgba(0, 0, 0, 0);color:#fcb900\" class=\"has-inline-color\"><strong>\u2b50\u2b50\u2b50\u2b50\u2b50<\/strong><\/mark><\/h3><\/div><p class=\"uagb-ifb-desc\"><em>\u201cUn repaso excelente de GA4 y Looker Studio. B\u00e1rbara hace que el curso sea f\u00e1cil de seguir, sin importar tu nivel. Lo recomiendo totalmente: es muy claro y est\u00e1 muy bien estructurado.\u201d<\/em><\/p><\/div><\/div>\n<\/div>\n<\/div><\/div>\n\n\n\n<div class=\"wp-block-uagb-slider-child uagb-slider-child-wrap swiper-slide uagb-block-2740aae8\"><div class=\"swiper-content\">\n<div class=\"wp-block-uagb-container uagb-block-0f018380\">\n<div class=\"wp-block-uagb-info-box uagb-block-43d6076f uagb-infobox__content-wrap  uagb-infobox-icon-above-title uagb-infobox-image-valign-top\"><div class=\"uagb-ifb-content\"><div class=\"uagb-ifb-title-wrap\"><h3 class=\"uagb-ifb-title\"><mark style=\"background-color:rgba(0, 0, 0, 0);color:#fcb900\" class=\"has-inline-color\"><strong>\u2b50\u2b50\u2b50\u2b50\u2b50<\/strong><\/mark><\/h3><\/div><p class=\"uagb-ifb-desc\"><em>&#8220;Excelente la metodolog\u00eda de ense\u00f1anza ya que desde la clase 1 comenzamos a trabajar con la herramienta. En en un par de horas pude ya armar un dashboard que me es m\u00e1s \u00fatil que la tabla de resumen que sol\u00eda usar en google sheet y que era muy dif\u00edcil de comprender. Ahora estoy revisando el libro que tiene la profesora y aunque tiene elementos similares al curso, me queda como documento de consulta. Muy agradecido por la dedicaci\u00f3n y esfuerzo de la profesora en el desarrollo de este curso. 10\/10&#8221;<\/em><\/p><\/div><\/div>\n<\/div>\n<\/div><\/div>\n\n\n\n<div class=\"wp-block-uagb-slider-child uagb-slider-child-wrap swiper-slide uagb-block-b131cda7\"><div class=\"swiper-content\">\n<div class=\"wp-block-uagb-container uagb-block-62d09c3a\">\n<div class=\"wp-block-uagb-info-box uagb-block-559383f6 uagb-infobox__content-wrap  uagb-infobox-icon-above-title uagb-infobox-image-valign-top\"><div class=\"uagb-ifb-content\"><div class=\"uagb-ifb-title-wrap\"><h3 class=\"uagb-ifb-title\"><mark style=\"background-color:rgba(0, 0, 0, 0);color:#fcb900\" class=\"has-inline-color\"><strong>\u2b50\u2b50\u2b50\u2b50\u2b50<\/strong><\/mark><\/h3><\/div><p class=\"uagb-ifb-desc\"><em>&#8220;Me ha encantado! Por fin he podido aprender c\u00f3mo mejorar mis reportes aplicando IA. Est\u00e1 explicado de manera sencilla y directa al grano, con ejemplos pr\u00e1cticos. Muy recomendable&#8221;<\/em><\/p><\/div><\/div>\n<\/div>\n<\/div><\/div>\n<\/div><\/div><div class=\"swiper-pagination\"><\/div><div class=\"swiper-button-prev\"><\/div><div class=\"swiper-button-next\"><\/div><\/div>\n<\/div>\n<\/div><\/div>\n<\/div><\/div>\n\n\n\n<div class=\"wp-block-uagb-container uagb-block-2fe0364d alignfull uagb-is-root-container\"><div class=\"uagb-container-inner-blocks-wrap\">\n<h2 class=\"wp-block-heading\">Por qu\u00e9 aprender conmigo<\/h2>\n\n\n\n<div class=\"wp-block-uagb-container uagb-block-e3bfcb08 alignfull uagb-is-root-container\"><div class=\"uagb-container-inner-blocks-wrap\">\n<div class=\"wp-block-uagb-container uagb-block-7d203374\">\n<div class=\"wp-block-uagb-info-box uagb-block-ce710adf uagb-infobox__content-wrap  uagb-infobox-icon-above-title uagb-infobox-image-valign-top\"><div class=\"uagb-ifb-content\"><div class=\"uagb-ifb-title-wrap\"><h1 class=\"uagb-ifb-title\">\ud83e\udded<\/h1><\/div><p class=\"uagb-ifb-desc\"><strong>M\u00e1s de 20 a\u00f1os en marketing digital y analytics<\/strong><\/p><\/div><\/div>\n<\/div>\n\n\n\n<div class=\"wp-block-uagb-container uagb-block-b0e83196\">\n<div class=\"wp-block-uagb-info-box uagb-block-a5d4efe1 uagb-infobox__content-wrap  uagb-infobox-icon-above-title uagb-infobox-image-valign-top\"><div class=\"uagb-ifb-content\"><div class=\"uagb-ifb-title-wrap\"><h1 class=\"uagb-ifb-title\">\ud83c\udf93<\/h1><\/div><p class=\"uagb-ifb-desc\"><strong>M\u00e1s de 1,600 estudiantes en Udemy students \u00b7 4.5 \u2b50 de valoraci\u00f3n media<\/strong><\/p><\/div><\/div>\n<\/div>\n\n\n\n<div class=\"wp-block-uagb-container uagb-block-e5c25fcf\">\n<div class=\"wp-block-uagb-info-box uagb-block-4a5144c8 uagb-infobox__content-wrap  uagb-infobox-icon-above-title uagb-infobox-image-valign-top\"><div class=\"uagb-ifb-content\"><div class=\"uagb-ifb-title-wrap\"><h1 class=\"uagb-ifb-title\">\ud83e\udde9<\/h1><\/div><p class=\"uagb-ifb-desc\"><strong>Lecciones que van paso a paso y muestran ejemplos reales<\/strong><\/p><\/div><\/div>\n<\/div>\n\n\n\n<div class=\"wp-block-uagb-container uagb-block-cb00fce9\">\n<div class=\"wp-block-uagb-info-box uagb-block-e7a8aaf3 uagb-infobox__content-wrap  uagb-infobox-icon-above-title uagb-infobox-image-valign-top\"><div class=\"uagb-ifb-content\"><div class=\"uagb-ifb-title-wrap\"><h1 class=\"uagb-ifb-title\">\ud83d\ude80<\/h1><\/div><p class=\"uagb-ifb-desc\"><strong>Contenido claro, pr\u00e1ctico y para todos los niveles<\/strong><\/p><\/div><\/div>\n<\/div>\n<\/div><\/div>\n<\/div><\/div>\n\n\n\n<div class=\"wp-block-uagb-container uagb-block-d37c425f alignfull uagb-is-root-container\"><div class=\"uagb-container-inner-blocks-wrap\">\n<h2 class=\"wp-block-heading\">Lo \u00faltimo en el blog<\/h2>\n\n\n\n\t\t\t<div class=\"wp-block-uagb-post-grid uagb-post-grid  uagb-post__image-position-background uagb-post__image-enabled uagb-block-2d66ec70     uagb-post__items uagb-post__columns-3 is-grid uagb-post__columns-tablet-2 uagb-post__columns-mobile-1 uagb-post__equal-height uagb-equal_height_inline-read-more-buttons\" data-total=\"30\" style=\"\">\n\n\t\t\t\t\t\t\t\t\t\t\t\t<article class=\"uagb-post__inner-wrap\">\t\t\t\t\t\t\t\t<h4 class=\"uagb-post__title uagb-post__text\">\n\t\t\t\t<a href=\"https:\/\/lookercourses.com\/es\/guia-avanzada-de-optimizacion-de-rendimiento-en-looker-studio\/\" target=\"_self\" rel=\"bookmark noopener noreferrer\">Gu\u00eda avanzada de optimizaci\u00f3n de rendimiento en Looker Studio<\/a>\n\t\t\t<\/h4>\n\t\t\t\t\t\t<div class='uagb-post__text uagb-post-grid-byline'>\n\t\t\t\t\t\t\t<\/div>\n\t\t\t\t\t\t\t<div class='uagb-post__text uagb-post__excerpt'>\n\t\t\t\t\t<p>Una gu\u00eda avanzada de optimizaci\u00f3n de rendimiento en Looker Studio deber\u00eda ser la base del&#8230;\t\t\t\t<\/div>\n\t\t\t\t\t\t<div class=\"uagb-post__text uagb-post__cta wp-block-button\">\n\t\t\t\t<a class=\"wp-block-button__link uagb-text-link\" style=\"\" href=\"https:\/\/lookercourses.com\/es\/guia-avanzada-de-optimizacion-de-rendimiento-en-looker-studio\/\" target=\"_self\" rel=\"bookmark noopener noreferrer\">Read More<\/a>\n\t\t\t<\/div>\n\t\t\t\t\t\t<div class='uagb-post__image'>\n\t\t\t\t\t\t\t\t\t<a href=\"https:\/\/lookercourses.com\/es\/guia-avanzada-de-optimizacion-de-rendimiento-en-looker-studio\/\" target=\"_self\" rel=\"bookmark noopener noreferrer\"><img loading=\"lazy\" decoding=\"async\" width=\"700\" height=\"400\" src=\"https:\/\/lookercourses.com\/es\/wp-content\/uploads\/2025\/12\/Guia-avanzada-de-optimizacion-de-rendimiento-en-Looker-Studio.jpg\" class=\"attachment-large size-large\" alt=\"Gui\u0301a avanzada de optimizacio\u0301n de rendimiento en Looker Studio\" srcset=\"https:\/\/lookercourses.com\/es\/wp-content\/uploads\/2025\/12\/Guia-avanzada-de-optimizacion-de-rendimiento-en-Looker-Studio.jpg 700w, https:\/\/lookercourses.com\/es\/wp-content\/uploads\/2025\/12\/Guia-avanzada-de-optimizacion-de-rendimiento-en-Looker-Studio-300x171.jpg 300w\" sizes=\"auto, (max-width: 700px) 100vw, 700px\" \/>\t\t\t\t\t<\/a>\n\t\t\t\t\t\t\t\t\t<\/div>\n\t\t\t\n\t\t\t\t\t\t\t\t\t<\/article>\n\t\t\t\t\t\t\t\t\t\t\t\t\t\t\t\t<article class=\"uagb-post__inner-wrap\">\t\t\t\t\t\t\t\t<h4 class=\"uagb-post__title uagb-post__text\">\n\t\t\t\t<a href=\"https:\/\/lookercourses.com\/es\/como-disenar-un-dashboard-de-paginas-multiples\/\" target=\"_self\" rel=\"bookmark noopener noreferrer\">C\u00f3mo dise\u00f1ar un dashboard de p\u00e1ginas m\u00faltiples que venda en Looker Studio<\/a>\n\t\t\t<\/h4>\n\t\t\t\t\t\t<div class='uagb-post__text uagb-post-grid-byline'>\n\t\t\t\t\t\t\t<\/div>\n\t\t\t\t\t\t\t<div class='uagb-post__text uagb-post__excerpt'>\n\t\t\t\t\t<p>\u201cC\u00f3mo dise\u00f1ar un dashboard de p\u00e1ginas m\u00faltiples que venda\u201d es la pregunta que cualquier persona&#8230;\t\t\t\t<\/div>\n\t\t\t\t\t\t<div class=\"uagb-post__text uagb-post__cta wp-block-button\">\n\t\t\t\t<a class=\"wp-block-button__link uagb-text-link\" style=\"\" href=\"https:\/\/lookercourses.com\/es\/como-disenar-un-dashboard-de-paginas-multiples\/\" target=\"_self\" rel=\"bookmark noopener noreferrer\">Read More<\/a>\n\t\t\t<\/div>\n\t\t\t\t\t\t<div class='uagb-post__image'>\n\t\t\t\t\t\t\t\t\t<a href=\"https:\/\/lookercourses.com\/es\/como-disenar-un-dashboard-de-paginas-multiples\/\" target=\"_self\" rel=\"bookmark noopener noreferrer\"><img loading=\"lazy\" decoding=\"async\" width=\"700\" height=\"400\" src=\"https:\/\/lookercourses.com\/es\/wp-content\/uploads\/2025\/12\/Como-disenar-un-dashboard-de-paginas-multiples-que-venda-en-Looker-Studio.jpg\" class=\"attachment-large size-large\" alt=\"Co\u0301mo disen\u0303ar un dashboard de pa\u0301ginas mu\u0301ltiples que venda en Looker Studio\" srcset=\"https:\/\/lookercourses.com\/es\/wp-content\/uploads\/2025\/12\/Como-disenar-un-dashboard-de-paginas-multiples-que-venda-en-Looker-Studio.jpg 700w, https:\/\/lookercourses.com\/es\/wp-content\/uploads\/2025\/12\/Como-disenar-un-dashboard-de-paginas-multiples-que-venda-en-Looker-Studio-300x171.jpg 300w\" sizes=\"auto, (max-width: 700px) 100vw, 700px\" \/>\t\t\t\t\t<\/a>\n\t\t\t\t\t\t\t\t\t<\/div>\n\t\t\t\n\t\t\t\t\t\t\t\t\t<\/article>\n\t\t\t\t\t\t\t\t\t\t\t\t\t\t\t\t<article class=\"uagb-post__inner-wrap\">\t\t\t\t\t\t\t\t<h4 class=\"uagb-post__title uagb-post__text\">\n\t\t\t\t<a href=\"https:\/\/lookercourses.com\/es\/disenar-dashboards-que-los-stakeholders-realmente-usen\/\" target=\"_self\" rel=\"bookmark noopener noreferrer\">Dise\u00f1ar dashboards que los stakeholders realmente usen<\/a>\n\t\t\t<\/h4>\n\t\t\t\t\t\t<div class='uagb-post__text uagb-post-grid-byline'>\n\t\t\t\t\t\t\t<\/div>\n\t\t\t\t\t\t\t<div class='uagb-post__text uagb-post__excerpt'>\n\t\t\t\t\t<p>Dise\u00f1ar dashboards que los stakeholders realmente usen es uno de los mayores retos en anal\u00edtica&#8230;.\t\t\t\t<\/div>\n\t\t\t\t\t\t<div class=\"uagb-post__text uagb-post__cta wp-block-button\">\n\t\t\t\t<a class=\"wp-block-button__link uagb-text-link\" style=\"\" href=\"https:\/\/lookercourses.com\/es\/disenar-dashboards-que-los-stakeholders-realmente-usen\/\" target=\"_self\" rel=\"bookmark noopener noreferrer\">Read More<\/a>\n\t\t\t<\/div>\n\t\t\t\t\t\t<div class='uagb-post__image'>\n\t\t\t\t\t\t\t\t\t<a href=\"https:\/\/lookercourses.com\/es\/disenar-dashboards-que-los-stakeholders-realmente-usen\/\" target=\"_self\" rel=\"bookmark noopener noreferrer\"><img loading=\"lazy\" decoding=\"async\" width=\"700\" height=\"400\" src=\"https:\/\/lookercourses.com\/es\/wp-content\/uploads\/2025\/12\/Disenar-dashboards-que-los-stakeholders-realmente-usen.jpg\" class=\"attachment-large size-large\" alt=\"Disen\u0303ar dashboards que los stakeholders realmente usen\" srcset=\"https:\/\/lookercourses.com\/es\/wp-content\/uploads\/2025\/12\/Disenar-dashboards-que-los-stakeholders-realmente-usen.jpg 700w, https:\/\/lookercourses.com\/es\/wp-content\/uploads\/2025\/12\/Disenar-dashboards-que-los-stakeholders-realmente-usen-300x171.jpg 300w\" sizes=\"auto, (max-width: 700px) 100vw, 700px\" \/>\t\t\t\t\t<\/a>\n\t\t\t\t\t\t\t\t\t<\/div>\n\t\t\t\n\t\t\t\t\t\t\t\t\t<\/article>\n\t\t\t\t\t\t\t\t\t\t\t<\/div>\n\t\t\t<\/div><\/div>\n","protected":false},"excerpt":{"rendered":"<p>Domina Looker Studio,Paso a Paso. Desde dashboards interactivos hasta insights generados con IA. Tutoriales pr\u00e1cticos, consejos y trucos para ayudarte [&hellip;]<\/p>\n","protected":false},"author":2,"featured_media":0,"parent":0,"menu_order":0,"comment_status":"closed","ping_status":"closed","template":"","meta":{"_uag_custom_page_level_css":"","site-sidebar-layout":"default","site-content-layout":"","ast-site-content-layout":"default","site-content-style":"default","site-sidebar-style":"default","ast-global-header-display":"","ast-banner-title-visibility":"","ast-main-header-display":"","ast-hfb-above-header-display":"","ast-hfb-below-header-display":"","ast-hfb-mobile-header-display":"","site-post-title":"","ast-breadcrumbs-content":"","ast-featured-img":"","footer-sml-layout":"","theme-transparent-header-meta":"","adv-header-id-meta":"","stick-header-meta":"","header-above-stick-meta":"","header-main-stick-meta":"","header-below-stick-meta":"","astra-migrate-meta-layouts":"default","ast-page-background-enabled":"default","ast-page-background-meta":{"desktop":{"background-color":"var(--ast-global-color-5)","background-image":"","background-repeat":"repeat","background-position":"center center","background-size":"auto","background-attachment":"scroll","background-type":"","background-media":"","overlay-type":"","overlay-color":"","overlay-opacity":"","overlay-gradient":""},"tablet":{"background-color":"","background-image":"","background-repeat":"repeat","background-position":"center center","background-size":"auto","background-attachment":"scroll","background-type":"","background-media":"","overlay-type":"","overlay-color":"","overlay-opacity":"","overlay-gradient":""},"mobile":{"background-color":"","background-image":"","background-repeat":"repeat","background-position":"center center","background-size":"auto","background-attachment":"scroll","background-type":"","background-media":"","overlay-type":"","overlay-color":"","overlay-opacity":"","overlay-gradient":""}},"ast-content-background-meta":{"desktop":{"background-color":"var(--ast-global-color-4)","background-image":"","background-repeat":"repeat","background-position":"center center","background-size":"auto","background-attachment":"scroll","background-type":"","background-media":"","overlay-type":"","overlay-color":"","overlay-opacity":"","overlay-gradient":""},"tablet":{"background-color":"var(--ast-global-color-4)","background-image":"","background-repeat":"repeat","background-position":"center center","background-size":"auto","background-attachment":"scroll","background-type":"","background-media":"","overlay-type":"","overlay-color":"","overlay-opacity":"","overlay-gradient":""},"mobile":{"background-color":"var(--ast-global-color-4)","background-image":"","background-repeat":"repeat","background-position":"center center","background-size":"auto","background-attachment":"scroll","background-type":"","background-media":"","overlay-type":"","overlay-color":"","overlay-opacity":"","overlay-gradient":""}},"footnotes":""},"class_list":["post-2063","page","type-page","status-publish","hentry"],"uagb_featured_image_src":{"full":false,"thumbnail":false,"medium":false,"medium_large":false,"large":false,"1536x1536":false,"2048x2048":false},"uagb_author_info":{"display_name":"barbmk","author_link":"https:\/\/lookercourses.com\/es\/author\/barbmk\/"},"uagb_comment_info":0,"uagb_excerpt":"Domina Looker Studio,Paso a Paso. Desde dashboards interactivos hasta insights generados con IA. Tutoriales pr\u00e1cticos, consejos y trucos para ayudarte [&hellip;]","_links":{"self":[{"href":"https:\/\/lookercourses.com\/es\/wp-json\/wp\/v2\/pages\/2063","targetHints":{"allow":["GET"]}}],"collection":[{"href":"https:\/\/lookercourses.com\/es\/wp-json\/wp\/v2\/pages"}],"about":[{"href":"https:\/\/lookercourses.com\/es\/wp-json\/wp\/v2\/types\/page"}],"author":[{"embeddable":true,"href":"https:\/\/lookercourses.com\/es\/wp-json\/wp\/v2\/users\/2"}],"replies":[{"embeddable":true,"href":"https:\/\/lookercourses.com\/es\/wp-json\/wp\/v2\/comments?post=2063"}],"version-history":[{"count":6,"href":"https:\/\/lookercourses.com\/es\/wp-json\/wp\/v2\/pages\/2063\/revisions"}],"predecessor-version":[{"id":2181,"href":"https:\/\/lookercourses.com\/es\/wp-json\/wp\/v2\/pages\/2063\/revisions\/2181"}],"wp:attachment":[{"href":"https:\/\/lookercourses.com\/es\/wp-json\/wp\/v2\/media?parent=2063"}],"curies":[{"name":"wp","href":"https:\/\/api.w.org\/{rel}","templated":true}]}}